{"id":3,"date":"2025-11-04T16:49:27","date_gmt":"2025-11-04T16:49:27","guid":{"rendered":"https:\/\/prezzu.com.br\/?page_id=3"},"modified":"2025-12-22T23:11:40","modified_gmt":"2025-12-22T23:11:40","slug":"privacy-policy","status":"publish","type":"page","link":"https:\/\/prezzu.com.br\/en\/privacy-policy\/","title":{"rendered":"Pol\u00edtica de Privacidade"},"content":{"rendered":"<div data-elementor-type=\"wp-page\" data-elementor-id=\"3\" class=\"elementor elementor-3\" data-elementor-post-type=\"page\">\n\t\t\t\t<div class=\"elementor-element elementor-element-3edb76a3 e-flex e-con-boxed e-con e-parent\" data-id=\"3edb76a3\" data-element_type=\"container\" data-e-type=\"container\">\n\t\t\t\t\t<div class=\"e-con-inner\">\n\t\t\t\t<div class=\"elementor-element elementor-element-3d289938 elementor-widget elementor-widget-text-editor\" data-id=\"3d289938\" data-element_type=\"widget\" data-e-type=\"widget\" data-widget_type=\"text-editor.default\">\n\t\t\t\t\t\t\t\t\t<h6>Quem Somos<\/h6>\n<p>Somos uma\u00a0fintech que oferece <b>Gift Cards pr\u00e9-pagos<\/b> com a seguran\u00e7a e aceita\u00e7\u00e3o da <b>bandeira Mastercard<\/b>.<\/p>\n<h6>Coment\u00e1rios \ud83d\udcac<\/h6>\n<p>Quando os visitantes deixam coment\u00e1rios no site, n\u00f3s coletamos os dados mostrados no formul\u00e1rio de coment\u00e1rios, e tamb\u00e9m o endere\u00e7o IP do visitante e a <i>string<\/i> do agente de usu\u00e1rio do navegador para ajudar na detec\u00e7\u00e3o de <i>spam<\/i>.<\/p>\n<p>Uma <i>string<\/i> anonimizada criada a partir do seu endere\u00e7o de e-mail (tamb\u00e9m chamado de <i>hash<\/i>) pode ser fornecida ao servi\u00e7o <b>Gravatar<\/b> para verificar se voc\u00ea o est\u00e1 utilizando. A pol\u00edtica de privacidade do servi\u00e7o <b>Gravatar<\/b> est\u00e1 dispon\u00edvel aqui: <a href=\"https:\/\/automattic.com\/privacy\/\" target=\"_blank\" rel=\"noopener\" data-hveid=\"0\" data-ved=\"0CAAQ_4QMahcKEwiSmPvWot2QAxUAAAAAHQAAAAAQOQ\">https:\/\/automattic.com\/privacy\/<\/a>. Ap\u00f3s a aprova\u00e7\u00e3o do seu coment\u00e1rio, sua imagem de perfil fica vis\u00edvel ao p\u00fablico no contexto do seu coment\u00e1rio.<\/p>\n<hr \/>\n<h6>M\u00eddia \ud83d\udcf8<\/h6>\n<p>Se voc\u00ea fizer <i>upload<\/i> de imagens para o <i>website<\/i>, voc\u00ea deve evitar fazer <i>upload<\/i> de imagens com dados de localiza\u00e7\u00e3o incorporados (<b>EXIF GPS<\/b>) inclu\u00eddos. Os visitantes do <i>website<\/i> podem baixar e extrair quaisquer dados de localiza\u00e7\u00e3o de imagens no <i>website<\/i>.<\/p>\n<hr \/>\n<h6><i>Cookies<\/i> \ud83c\udf6a<\/h6>\n<p>Se voc\u00ea deixar um coment\u00e1rio no nosso <i>site<\/i>, voc\u00ea pode optar por salvar seu nome, endere\u00e7o de e-mail e <i>website<\/i> em <i>cookies<\/i>. Isso \u00e9 para sua conveni\u00eancia, para que voc\u00ea n\u00e3o precise preencher seus dados novamente quando deixar outro coment\u00e1rio. Esses <i>cookies<\/i> durar\u00e3o por um ano.<\/p>\n<p>Se voc\u00ea visitar nossa p\u00e1gina de <i>login<\/i>, definiremos um <i>cookie<\/i> tempor\u00e1rio para determinar se seu navegador aceita <i>cookies<\/i>. Este <i>cookie<\/i> n\u00e3o cont\u00e9m dados pessoais e \u00e9 descartado quando voc\u00ea fecha seu navegador.<\/p>\n<p>Quando voc\u00ea fizer <i>login<\/i>, tamb\u00e9m definiremos v\u00e1rios <i>cookies<\/i> para salvar suas informa\u00e7\u00f5es de <i>login<\/i> e suas escolhas de exibi\u00e7\u00e3o de tela. <i>Cookies<\/i> de <i>login<\/i> duram por dois dias, e <i>cookies<\/i> de op\u00e7\u00f5es de tela duram por um ano. Se voc\u00ea selecionar &#8220;<b>Lembrar-me<\/b>&#8220;, seu <i>login<\/i> persistir\u00e1 por duas semanas. Se voc\u00ea sair da sua conta (<i>log out<\/i>), os <i>cookies<\/i> de <i>login<\/i> ser\u00e3o removidos.<\/p>\n<p>Se voc\u00ea editar ou publicar um artigo, um <i>cookie<\/i> adicional ser\u00e1 salvo em seu navegador. Este <i>cookie<\/i> n\u00e3o inclui dados pessoais e simplesmente indica o <b>ID<\/b> da postagem do artigo que voc\u00ea acabou de editar. Ele expira ap\u00f3s 1 dia.<\/p>\n<hr \/>\n<h6>Conte\u00fado Incorporado de Outros <i>Websites<\/i> \ud83d\udd17<\/h6>\n<p>Artigos neste <i>site<\/i> podem incluir conte\u00fado incorporado (por exemplo: v\u00eddeos, imagens, artigos, etc.). Conte\u00fado incorporado de outros <i>websites<\/i> se comporta exatamente da mesma forma como se o visitante tivesse visitado o outro <i>website<\/i>.<\/p>\n<p>Estes <i>websites<\/i> podem coletar dados sobre voc\u00ea, usar <i>cookies<\/i>, incorporar rastreamento adicional de terceiros e monitorar sua intera\u00e7\u00e3o com esse conte\u00fado incorporado, incluindo rastrear sua intera\u00e7\u00e3o com o conte\u00fado incorporado se voc\u00ea tiver uma conta e estiver conectado (<i>logged in<\/i>) a esse <i>website<\/i>.<\/p>\n<hr \/>\n<h6>Com Quem Compartilhamos Seus Dados \ud83e\udd1d<\/h6>\n<p>Se voc\u00ea solicitar uma redefini\u00e7\u00e3o de senha, seu endere\u00e7o <b>IP<\/b> ser\u00e1 inclu\u00eddo no e-mail de redefini\u00e7\u00e3o.<\/p>\n<hr \/>\n<h6>Por Quanto Tempo Retemos Seus Dados \u23f3<\/h6>\n<p>Se voc\u00ea deixar um coment\u00e1rio, o coment\u00e1rio e seus metadados s\u00e3o retidos indefinidamente. Isso \u00e9 para que possamos reconhecer e aprovar quaisquer coment\u00e1rios de acompanhamento automaticamente, em vez de mant\u00ea-los em uma fila de modera\u00e7\u00e3o.<\/p>\n<p>Para usu\u00e1rios que se registram em nosso <i>website<\/i> (se houver), tamb\u00e9m armazenamos as informa\u00e7\u00f5es pessoais que eles fornecem em seu perfil de usu\u00e1rio. Todos os usu\u00e1rios podem ver, editar ou excluir suas informa\u00e7\u00f5es pessoais a qualquer momento (exceto que eles n\u00e3o podem mudar seu nome de usu\u00e1rio). Os administradores do <i>website<\/i> tamb\u00e9m podem ver e editar essas informa\u00e7\u00f5es.<\/p>\n<hr \/>\n<h6>Quais Direitos Voc\u00ea Tem Sobre Seus Dados \u2705<\/h6>\n<p>Se voc\u00ea tem uma conta neste <i>site<\/i>, ou deixou coment\u00e1rios, voc\u00ea pode solicitar o recebimento de um arquivo exportado dos dados pessoais que mantemos sobre voc\u00ea, incluindo quaisquer dados que voc\u00ea nos forneceu. Voc\u00ea tamb\u00e9m pode solicitar que apaguemos quaisquer dados pessoais que mantemos sobre voc\u00ea. Isso n\u00e3o inclui quaisquer dados que somos obrigados a manter para fins administrativos, legais ou de seguran\u00e7a.<\/p>\t\t\t\t\t\t\t\t<\/div>\n\t\t\t\t\t<\/div>\n\t\t\t\t<\/div>\n\t\t\t\t<\/div>","protected":false},"excerpt":{"rendered":"<p>Who we are Suggested text: Our website address is: https:\/\/prezzu.com.br. Comments Suggested text: When visitors leave comments on the site we collect the data shown in the comments form, and also the visitor&#8217;s IP address and browser user agent string to help spam detection. An anonymized string created from your email address (also called a [&hellip;]<\/p>\n","protected":false},"author":1,"featured_media":0,"parent":0,"menu_order":0,"comment_status":"closed","ping_status":"closed","template":"","meta":{"_joinchat":[],"footnotes":""},"class_list":["post-3","page","type-page","status-publish","hentry"],"jetpack_sharing_enabled":true,"_links":{"self":[{"href":"https:\/\/prezzu.com.br\/en\/wp-json\/wp\/v2\/pages\/3","targetHints":{"allow":["GET"]}}],"collection":[{"href":"https:\/\/prezzu.com.br\/en\/wp-json\/wp\/v2\/pages"}],"about":[{"href":"https:\/\/prezzu.com.br\/en\/wp-json\/wp\/v2\/types\/page"}],"author":[{"embeddable":true,"href":"https:\/\/prezzu.com.br\/en\/wp-json\/wp\/v2\/users\/1"}],"replies":[{"embeddable":true,"href":"https:\/\/prezzu.com.br\/en\/wp-json\/wp\/v2\/comments?post=3"}],"version-history":[{"count":10,"href":"https:\/\/prezzu.com.br\/en\/wp-json\/wp\/v2\/pages\/3\/revisions"}],"predecessor-version":[{"id":2816,"href":"https:\/\/prezzu.com.br\/en\/wp-json\/wp\/v2\/pages\/3\/revisions\/2816"}],"wp:attachment":[{"href":"https:\/\/prezzu.com.br\/en\/wp-json\/wp\/v2\/media?parent=3"}],"curies":[{"name":"wp","href":"https:\/\/api.w.org\/{rel}","templated":true}]}}