{"id":3600,"date":"2026-02-04T18:54:41","date_gmt":"2026-02-04T18:54:41","guid":{"rendered":"https:\/\/prezzu.com.br\/?page_id=3600"},"modified":"2026-05-01T13:03:02","modified_gmt":"2026-05-01T13:03:02","slug":"prezzu-mastercard","status":"publish","type":"page","link":"https:\/\/prezzu.com.br\/en\/prezzu-mastercard\/","title":{"rendered":"Prezzu Mastercard"},"content":{"rendered":"<div data-elementor-type=\"wp-page\" data-elementor-id=\"3600\" class=\"elementor elementor-3600\" data-elementor-post-type=\"page\">\n\t\t\t\t<div class=\"elementor-element elementor-element-a84d266 e-con-full e-flex e-con e-parent\" data-id=\"a84d266\" data-element_type=\"container\" data-e-type=\"container\">\n\t\t\t\t<div class=\"elementor-element elementor-element-a9b4879 elementor-widget elementor-widget-heading\" data-id=\"a9b4879\" data-element_type=\"widget\" data-e-type=\"widget\" data-widget_type=\"heading.default\">\n\t\t\t\t\t<h4 class=\"elementor-heading-title elementor-size-default\">Cart\u00f5es Presente Mastercard<\/h4>\t\t\t\t<\/div>\n\t\t\t\t<\/div>\n\t\t\t\t<section class=\"elementor-section elementor-top-section elementor-element elementor-element-c0b45c elementor-reverse-tablet elementor-reverse-mobile elementor-section-boxed elementor-section-height-default elementor-section-height-default\" data-id=\"c0b45c\" data-element_type=\"section\" data-e-type=\"section\" data-settings=\"{&quot;background_background&quot;:&quot;gradient&quot;}\">\n\t\t\t\t\t\t<div class=\"elementor-container elementor-column-gap-wide\">\n\t\t\t\t\t<div class=\"elementor-column elementor-col-50 elementor-top-column elementor-element elementor-element-576f1cf4\" data-id=\"576f1cf4\" data-element_type=\"column\" data-e-type=\"column\">\n\t\t\t<div class=\"elementor-widget-wrap elementor-element-populated\">\n\t\t\t\t\t\t<div class=\"elementor-element elementor-element-76c702a elementor-widget__width-initial elementor-widget-mobile__width-initial elementor-widget elementor-widget-image\" data-id=\"76c702a\" data-element_type=\"widget\" data-e-type=\"widget\" data-widget_type=\"image.default\">\n\t\t\t\t\t\t\t\t\t\t\t\t\t\t\t<img fetchpriority=\"high\" decoding=\"async\" width=\"768\" height=\"512\" src=\"https:\/\/prezzu.com.br\/wp-content\/uploads\/2026\/03\/Cartao-digital-768x512.png\" class=\"elementor-animation-bob attachment-medium_large size-medium_large wp-image-4467\" alt=\"\" srcset=\"https:\/\/prezzu.com.br\/wp-content\/uploads\/2026\/03\/Cartao-digital-768x512.png 768w, https:\/\/prezzu.com.br\/wp-content\/uploads\/2026\/03\/Cartao-digital-300x200.png 300w, https:\/\/prezzu.com.br\/wp-content\/uploads\/2026\/03\/Cartao-digital-1024x683.png 1024w, https:\/\/prezzu.com.br\/wp-content\/uploads\/2026\/03\/Cartao-digital-1536x1024.png 1536w, https:\/\/prezzu.com.br\/wp-content\/uploads\/2026\/03\/Cartao-digital-18x12.png 18w, https:\/\/prezzu.com.br\/wp-content\/uploads\/2026\/03\/Cartao-digital-1320x880.png 1320w, https:\/\/prezzu.com.br\/wp-content\/uploads\/2026\/03\/Cartao-digital-600x400.png 600w, https:\/\/prezzu.com.br\/wp-content\/uploads\/2026\/03\/Cartao-digital.png 1920w\" sizes=\"(max-width: 768px) 100vw, 768px\" \/>\t\t\t\t\t\t\t\t\t\t\t\t\t\t\t<\/div>\n\t\t\t\t<div class=\"elementor-element elementor-element-4c47333b elementor-widget-mobile__width-initial elementor-widget elementor-widget-text-editor\" data-id=\"4c47333b\" data-element_type=\"widget\" data-e-type=\"widget\" data-widget_type=\"text-editor.default\">\n\t\t\t\t\t\t\t\t\t<p style=\"text-align: center;\"><i>Cart\u00e3o Digital<\/i><\/p>\t\t\t\t\t\t\t\t<\/div>\n\t\t\t\t<div class=\"elementor-element elementor-element-50058833 elementor-align-center elementor-widget__width-initial elementor-widget elementor-widget-button\" data-id=\"50058833\" data-element_type=\"widget\" data-e-type=\"widget\" data-widget_type=\"button.default\">\n\t\t\t\t\t\t\t\t\t\t<a class=\"elementor-button elementor-button-link elementor-size-sm elementor-animation-float\" href=\"https:\/\/prezzu.com.br\/digital\/\" target=\"_blank\">\n\t\t\t\t\t\t<span class=\"elementor-button-content-wrapper\">\n\t\t\t\t\t\t<span class=\"elementor-button-icon\">\n\t\t\t\t<svg aria-hidden=\"true\" class=\"e-font-icon-svg e-far-credit-card\" viewbox=\"0 0 576 512\" xmlns=\"http:\/\/www.w3.org\/2000\/svg\"><path d=\"M527.9 32H48.1C21.5 32 0 53.5 0 80v352c0 26.5 21.5 48 48.1 48h479.8c26.6 0 48.1-21.5 48.1-48V80c0-26.5-21.5-48-48.1-48zM54.1 80h467.8c3.3 0 6 2.7 6 6v42H48.1V86c0-3.3 2.7-6 6-6zm467.8 352H54.1c-3.3 0-6-2.7-6-6V256h479.8v170c0 3.3-2.7 6-6 6zM192 332v40c0 6.6-5.4 12-12 12h-72c-6.6 0-12-5.4-12-12v-40c0-6.6 5.4-12 12-12h72c6.6 0 12 5.4 12 12zm192 0v40c0 6.6-5.4 12-12 12H236c-6.6 0-12-5.4-12-12v-40c0-6.6 5.4-12 12-12h136c6.6 0 12 5.4 12 12z\"><\/path><\/svg>\t\t\t<\/span>\n\t\t\t\t\t\t\t\t\t<span class=\"elementor-button-text\">D\u00e1 um Prezzu!<\/span>\n\t\t\t\t\t<\/span>\n\t\t\t\t\t<\/a>\n\t\t\t\t\t\t\t\t<\/div>\n\t\t\t\t\t<\/div>\n\t\t<\/div>\n\t\t\t\t<div class=\"elementor-column elementor-col-50 elementor-top-column elementor-element elementor-element-2ec951c7\" data-id=\"2ec951c7\" data-element_type=\"column\" data-e-type=\"column\">\n\t\t\t<div class=\"elementor-widget-wrap elementor-element-populated\">\n\t\t\t\t\t\t<div class=\"elementor-element elementor-element-8168fb7 elementor-widget__width-initial elementor-widget-mobile__width-initial elementor-widget elementor-widget-image\" data-id=\"8168fb7\" data-element_type=\"widget\" data-e-type=\"widget\" data-widget_type=\"image.default\">\n\t\t\t\t\t\t\t\t\t\t\t\t\t\t\t<img decoding=\"async\" width=\"768\" height=\"512\" src=\"https:\/\/prezzu.com.br\/wp-content\/uploads\/2026\/03\/Cartao-fisico-768x512.png\" class=\"elementor-animation-bob attachment-medium_large size-medium_large wp-image-4460\" alt=\"\" srcset=\"https:\/\/prezzu.com.br\/wp-content\/uploads\/2026\/03\/Cartao-fisico-768x512.png 768w, https:\/\/prezzu.com.br\/wp-content\/uploads\/2026\/03\/Cartao-fisico-300x200.png 300w, https:\/\/prezzu.com.br\/wp-content\/uploads\/2026\/03\/Cartao-fisico-1024x683.png 1024w, https:\/\/prezzu.com.br\/wp-content\/uploads\/2026\/03\/Cartao-fisico-1536x1024.png 1536w, https:\/\/prezzu.com.br\/wp-content\/uploads\/2026\/03\/Cartao-fisico-18x12.png 18w, https:\/\/prezzu.com.br\/wp-content\/uploads\/2026\/03\/Cartao-fisico-1320x880.png 1320w, https:\/\/prezzu.com.br\/wp-content\/uploads\/2026\/03\/Cartao-fisico-600x400.png 600w, https:\/\/prezzu.com.br\/wp-content\/uploads\/2026\/03\/Cartao-fisico.png 1920w\" sizes=\"(max-width: 768px) 100vw, 768px\" \/>\t\t\t\t\t\t\t\t\t\t\t\t\t\t\t<\/div>\n\t\t\t\t<div class=\"elementor-element elementor-element-9a60aec elementor-widget-mobile__width-initial elementor-widget elementor-widget-text-editor\" data-id=\"9a60aec\" data-element_type=\"widget\" data-e-type=\"widget\" data-widget_type=\"text-editor.default\">\n\t\t\t\t\t\t\t\t\t<p style=\"text-align: center;\"><i>Cart\u00e3o F\u00edsico<\/i><\/p>\t\t\t\t\t\t\t\t<\/div>\n\t\t\t\t<div class=\"elementor-element elementor-element-9ec14b5 elementor-align-center elementor-widget__width-initial elementor-widget-mobile__width-initial elementor-widget elementor-widget-button\" data-id=\"9ec14b5\" data-element_type=\"widget\" data-e-type=\"widget\" data-widget_type=\"button.default\">\n\t\t\t\t\t\t\t\t\t\t<a class=\"elementor-button elementor-button-link elementor-size-sm elementor-animation-float\" href=\"https:\/\/prezzu.com.br\/cartao-fisico\/\" target=\"_blank\">\n\t\t\t\t\t\t<span class=\"elementor-button-content-wrapper\">\n\t\t\t\t\t\t<span class=\"elementor-button-icon\">\n\t\t\t\t<svg aria-hidden=\"true\" class=\"e-font-icon-svg e-far-credit-card\" viewbox=\"0 0 576 512\" xmlns=\"http:\/\/www.w3.org\/2000\/svg\"><path d=\"M527.9 32H48.1C21.5 32 0 53.5 0 80v352c0 26.5 21.5 48 48.1 48h479.8c26.6 0 48.1-21.5 48.1-48V80c0-26.5-21.5-48-48.1-48zM54.1 80h467.8c3.3 0 6 2.7 6 6v42H48.1V86c0-3.3 2.7-6 6-6zm467.8 352H54.1c-3.3 0-6-2.7-6-6V256h479.8v170c0 3.3-2.7 6-6 6zM192 332v40c0 6.6-5.4 12-12 12h-72c-6.6 0-12-5.4-12-12v-40c0-6.6 5.4-12 12-12h72c6.6 0 12 5.4 12 12zm192 0v40c0 6.6-5.4 12-12 12H236c-6.6 0-12-5.4-12-12v-40c0-6.6 5.4-12 12-12h136c6.6 0 12 5.4 12 12z\"><\/path><\/svg>\t\t\t<\/span>\n\t\t\t\t\t\t\t\t\t<span class=\"elementor-button-text\">D\u00e1 um Prezzu!<\/span>\n\t\t\t\t\t<\/span>\n\t\t\t\t\t<\/a>\n\t\t\t\t\t\t\t\t<\/div>\n\t\t\t\t\t<\/div>\n\t\t<\/div>\n\t\t\t\t\t<\/div>\n\t\t<\/section>\n\t\t\t\t<\/div>","protected":false},"excerpt":{"rendered":"<p>Cart\u00f5es Presente Mastercard Cart\u00e3o Digital D\u00e1 um Prezzu! Cart\u00e3o F\u00edsico D\u00e1 um Prezzu!<\/p>","protected":false},"author":1,"featured_media":0,"parent":0,"menu_order":0,"comment_status":"closed","ping_status":"closed","template":"","meta":{"_joinchat":[],"footnotes":""},"class_list":["post-3600","page","type-page","status-publish","hentry"],"jetpack_sharing_enabled":true,"_links":{"self":[{"href":"https:\/\/prezzu.com.br\/en\/wp-json\/wp\/v2\/pages\/3600","targetHints":{"allow":["GET"]}}],"collection":[{"href":"https:\/\/prezzu.com.br\/en\/wp-json\/wp\/v2\/pages"}],"about":[{"href":"https:\/\/prezzu.com.br\/en\/wp-json\/wp\/v2\/types\/page"}],"author":[{"embeddable":true,"href":"https:\/\/prezzu.com.br\/en\/wp-json\/wp\/v2\/users\/1"}],"replies":[{"embeddable":true,"href":"https:\/\/prezzu.com.br\/en\/wp-json\/wp\/v2\/comments?post=3600"}],"version-history":[{"count":67,"href":"https:\/\/prezzu.com.br\/en\/wp-json\/wp\/v2\/pages\/3600\/revisions"}],"predecessor-version":[{"id":4875,"href":"https:\/\/prezzu.com.br\/en\/wp-json\/wp\/v2\/pages\/3600\/revisions\/4875"}],"wp:attachment":[{"href":"https:\/\/prezzu.com.br\/en\/wp-json\/wp\/v2\/media?parent=3600"}],"curies":[{"name":"wp","href":"https:\/\/api.w.org\/{rel}","templated":true}]}}