{"id":4332,"date":"2026-03-10T07:12:29","date_gmt":"2026-03-10T07:12:29","guid":{"rendered":"https:\/\/prezzu.com.br\/?page_id=4332"},"modified":"2026-04-30T12:12:46","modified_gmt":"2026-04-30T12:12:46","slug":"digital","status":"publish","type":"page","link":"https:\/\/prezzu.com.br\/en\/digital\/","title":{"rendered":"Cart\u00e3o Digital"},"content":{"rendered":"<div data-elementor-type=\"wp-page\" data-elementor-id=\"4332\" class=\"elementor elementor-4332\" data-elementor-post-type=\"page\">\n\t\t\t\t\t\t<section class=\"elementor-section elementor-top-section elementor-element elementor-element-1f775f98 elementor-section-full_width elementor-section-content-middle elementor-section-height-default elementor-section-height-default\" data-id=\"1f775f98\" data-element_type=\"section\" data-e-type=\"section\" data-settings=\"{&quot;background_background&quot;:&quot;classic&quot;}\">\n\t\t\t\t\t\t<div class=\"elementor-container elementor-column-gap-wide\">\n\t\t\t\t\t<div class=\"elementor-column elementor-col-100 elementor-top-column elementor-element elementor-element-584036a\" data-id=\"584036a\" data-element_type=\"column\" data-e-type=\"column\">\n\t\t\t<div class=\"elementor-widget-wrap elementor-element-populated\">\n\t\t\t\t\t\t<section class=\"elementor-section elementor-inner-section elementor-element elementor-element-409fdaa8 elementor-section-full_width elementor-section-height-default elementor-section-height-default\" data-id=\"409fdaa8\" data-element_type=\"section\" data-e-type=\"section\">\n\t\t\t\t\t\t<div class=\"elementor-container elementor-column-gap-default\">\n\t\t\t\t\t<div class=\"elementor-column elementor-col-25 elementor-inner-column elementor-element elementor-element-49944284\" data-id=\"49944284\" data-element_type=\"column\" data-e-type=\"column\" data-settings=\"{&quot;background_background&quot;:&quot;gradient&quot;}\">\n\t\t\t<div class=\"elementor-widget-wrap elementor-element-populated\">\n\t\t\t\t\t\t<div class=\"elementor-element elementor-element-31e33df4 elementor-widget__width-initial elementor-widget elementor-widget-image\" data-id=\"31e33df4\" data-element_type=\"widget\" data-e-type=\"widget\" data-widget_type=\"image.default\">\n\t\t\t\t\t\t\t\t\t\t\t\t\t\t\t<img fetchpriority=\"high\" decoding=\"async\" width=\"720\" height=\"900\" src=\"https:\/\/prezzu.com.br\/wp-content\/uploads\/2026\/03\/Copia-de-Copia-de-Modelo-tamanho-720x1040-1.png\" class=\"attachment-large size-large wp-image-4373\" alt=\"\" srcset=\"https:\/\/prezzu.com.br\/wp-content\/uploads\/2026\/03\/Copia-de-Copia-de-Modelo-tamanho-720x1040-1.png 720w, https:\/\/prezzu.com.br\/wp-content\/uploads\/2026\/03\/Copia-de-Copia-de-Modelo-tamanho-720x1040-1-240x300.png 240w, https:\/\/prezzu.com.br\/wp-content\/uploads\/2026\/03\/Copia-de-Copia-de-Modelo-tamanho-720x1040-1-10x12.png 10w, https:\/\/prezzu.com.br\/wp-content\/uploads\/2026\/03\/Copia-de-Copia-de-Modelo-tamanho-720x1040-1-600x750.png 600w\" sizes=\"(max-width: 720px) 100vw, 720px\" \/>\t\t\t\t\t\t\t\t\t\t\t\t\t\t\t<\/div>\n\t\t\t\t<div class=\"elementor-element elementor-element-3dabc359 elementor-widget__width-initial elementor-widget elementor-widget-heading\" data-id=\"3dabc359\" data-element_type=\"widget\" data-e-type=\"widget\" data-widget_type=\"heading.default\">\n\t\t\t\t\t<h2 class=\"elementor-heading-title elementor-size-default\">Casual<\/h2>\t\t\t\t<\/div>\n\t\t\t\t<div class=\"elementor-element elementor-element-066078a elementor-align-center elementor-widget__width-initial elementor-widget elementor-widget-button\" data-id=\"066078a\" data-element_type=\"widget\" data-e-type=\"widget\" data-widget_type=\"button.default\">\n\t\t\t\t\t\t\t\t\t\t<a class=\"elementor-button elementor-button-link elementor-size-sm elementor-animation-float\" href=\"https:\/\/prezzu.com.br\/produto\/ocasional-digital\/\">\n\t\t\t\t\t\t<span class=\"elementor-button-content-wrapper\">\n\t\t\t\t\t\t<span class=\"elementor-button-icon\">\n\t\t\t\t<svg aria-hidden=\"true\" class=\"e-font-icon-svg e-far-credit-card\" viewbox=\"0 0 576 512\" xmlns=\"http:\/\/www.w3.org\/2000\/svg\"><path d=\"M527.9 32H48.1C21.5 32 0 53.5 0 80v352c0 26.5 21.5 48 48.1 48h479.8c26.6 0 48.1-21.5 48.1-48V80c0-26.5-21.5-48-48.1-48zM54.1 80h467.8c3.3 0 6 2.7 6 6v42H48.1V86c0-3.3 2.7-6 6-6zm467.8 352H54.1c-3.3 0-6-2.7-6-6V256h479.8v170c0 3.3-2.7 6-6 6zM192 332v40c0 6.6-5.4 12-12 12h-72c-6.6 0-12-5.4-12-12v-40c0-6.6 5.4-12 12-12h72c6.6 0 12 5.4 12 12zm192 0v40c0 6.6-5.4 12-12 12H236c-6.6 0-12-5.4-12-12v-40c0-6.6 5.4-12 12-12h136c6.6 0 12 5.4 12 12z\"><\/path><\/svg>\t\t\t<\/span>\n\t\t\t\t\t\t\t\t\t<span class=\"elementor-button-text\">D\u00e1 um Prezzu!<\/span>\n\t\t\t\t\t<\/span>\n\t\t\t\t\t<\/a>\n\t\t\t\t\t\t\t\t<\/div>\n\t\t\t\t\t<\/div>\n\t\t<\/div>\n\t\t\t\t<div class=\"elementor-column elementor-col-25 elementor-inner-column elementor-element elementor-element-42c73d05\" data-id=\"42c73d05\" data-element_type=\"column\" data-e-type=\"column\" data-settings=\"{&quot;background_background&quot;:&quot;classic&quot;}\">\n\t\t\t<div class=\"elementor-widget-wrap elementor-element-populated\">\n\t\t\t\t\t\t<div class=\"elementor-element elementor-element-28b1c9a4 elementor-widget__width-initial elementor-widget elementor-widget-image\" data-id=\"28b1c9a4\" data-element_type=\"widget\" data-e-type=\"widget\" data-widget_type=\"image.default\">\n\t\t\t\t\t\t\t\t\t\t\t\t\t\t\t<img decoding=\"async\" width=\"720\" height=\"900\" src=\"https:\/\/prezzu.com.br\/wp-content\/uploads\/2025\/12\/Copia-de-Modelo-tamanho-720x1040-2.png\" class=\"attachment-large size-large wp-image-3028\" alt=\"\" srcset=\"https:\/\/prezzu.com.br\/wp-content\/uploads\/2025\/12\/Copia-de-Modelo-tamanho-720x1040-2.png 720w, https:\/\/prezzu.com.br\/wp-content\/uploads\/2025\/12\/Copia-de-Modelo-tamanho-720x1040-2-240x300.png 240w, https:\/\/prezzu.com.br\/wp-content\/uploads\/2025\/12\/Copia-de-Modelo-tamanho-720x1040-2-10x12.png 10w, https:\/\/prezzu.com.br\/wp-content\/uploads\/2025\/12\/Copia-de-Modelo-tamanho-720x1040-2-600x750.png 600w\" sizes=\"(max-width: 720px) 100vw, 720px\" \/>\t\t\t\t\t\t\t\t\t\t\t\t\t\t\t<\/div>\n\t\t\t\t<div class=\"elementor-element elementor-element-658b5540 elementor-widget-mobile__width-initial elementor-widget elementor-widget-heading\" data-id=\"658b5540\" data-element_type=\"widget\" data-e-type=\"widget\" data-widget_type=\"heading.default\">\n\t\t\t\t\t<h2 class=\"elementor-heading-title elementor-size-default\">Cl\u00e1ssico<\/h2>\t\t\t\t<\/div>\n\t\t\t\t<div class=\"elementor-element elementor-element-1555b7c3 elementor-align-center elementor-widget__width-initial elementor-widget elementor-widget-button\" data-id=\"1555b7c3\" data-element_type=\"widget\" data-e-type=\"widget\" data-widget_type=\"button.default\">\n\t\t\t\t\t\t\t\t\t\t<a class=\"elementor-button elementor-button-link elementor-size-sm elementor-animation-float\" href=\"https:\/\/prezzu.com.br\/produto\/clssico-digital\/\">\n\t\t\t\t\t\t<span class=\"elementor-button-content-wrapper\">\n\t\t\t\t\t\t<span class=\"elementor-button-icon\">\n\t\t\t\t<svg aria-hidden=\"true\" class=\"e-font-icon-svg e-far-credit-card\" viewbox=\"0 0 576 512\" xmlns=\"http:\/\/www.w3.org\/2000\/svg\"><path d=\"M527.9 32H48.1C21.5 32 0 53.5 0 80v352c0 26.5 21.5 48 48.1 48h479.8c26.6 0 48.1-21.5 48.1-48V80c0-26.5-21.5-48-48.1-48zM54.1 80h467.8c3.3 0 6 2.7 6 6v42H48.1V86c0-3.3 2.7-6 6-6zm467.8 352H54.1c-3.3 0-6-2.7-6-6V256h479.8v170c0 3.3-2.7 6-6 6zM192 332v40c0 6.6-5.4 12-12 12h-72c-6.6 0-12-5.4-12-12v-40c0-6.6 5.4-12 12-12h72c6.6 0 12 5.4 12 12zm192 0v40c0 6.6-5.4 12-12 12H236c-6.6 0-12-5.4-12-12v-40c0-6.6 5.4-12 12-12h136c6.6 0 12 5.4 12 12z\"><\/path><\/svg>\t\t\t<\/span>\n\t\t\t\t\t\t\t\t\t<span class=\"elementor-button-text\">D\u00e1 um Prezzu!<\/span>\n\t\t\t\t\t<\/span>\n\t\t\t\t\t<\/a>\n\t\t\t\t\t\t\t\t<\/div>\n\t\t\t\t\t<\/div>\n\t\t<\/div>\n\t\t\t\t<div class=\"elementor-column elementor-col-25 elementor-inner-column elementor-element elementor-element-814fe3c\" data-id=\"814fe3c\" data-element_type=\"column\" data-e-type=\"column\" data-settings=\"{&quot;background_background&quot;:&quot;gradient&quot;}\">\n\t\t\t<div class=\"elementor-widget-wrap elementor-element-populated\">\n\t\t\t\t\t\t<div class=\"elementor-element elementor-element-8ffee77 elementor-widget__width-initial elementor-widget elementor-widget-image\" data-id=\"8ffee77\" data-element_type=\"widget\" data-e-type=\"widget\" data-widget_type=\"image.default\">\n\t\t\t\t\t\t\t\t\t\t\t\t\t\t\t<img decoding=\"async\" width=\"720\" height=\"900\" src=\"https:\/\/prezzu.com.br\/wp-content\/uploads\/2026\/03\/Copia-de-Copia-de-Modelo-tamanho-720x1040-1-1.png\" class=\"attachment-large size-large wp-image-4378\" alt=\"\" srcset=\"https:\/\/prezzu.com.br\/wp-content\/uploads\/2026\/03\/Copia-de-Copia-de-Modelo-tamanho-720x1040-1-1.png 720w, https:\/\/prezzu.com.br\/wp-content\/uploads\/2026\/03\/Copia-de-Copia-de-Modelo-tamanho-720x1040-1-1-240x300.png 240w, https:\/\/prezzu.com.br\/wp-content\/uploads\/2026\/03\/Copia-de-Copia-de-Modelo-tamanho-720x1040-1-1-10x12.png 10w, https:\/\/prezzu.com.br\/wp-content\/uploads\/2026\/03\/Copia-de-Copia-de-Modelo-tamanho-720x1040-1-1-600x750.png 600w\" sizes=\"(max-width: 720px) 100vw, 720px\" \/>\t\t\t\t\t\t\t\t\t\t\t\t\t\t\t<\/div>\n\t\t\t\t<div class=\"elementor-element elementor-element-667cd2d elementor-widget__width-initial elementor-widget elementor-widget-heading\" data-id=\"667cd2d\" data-element_type=\"widget\" data-e-type=\"widget\" data-widget_type=\"heading.default\">\n\t\t\t\t\t<h2 class=\"elementor-heading-title elementor-size-default\">Custom<\/h2>\t\t\t\t<\/div>\n\t\t\t\t<div class=\"elementor-element elementor-element-85a31a6 elementor-align-center elementor-widget__width-initial elementor-widget elementor-widget-button\" data-id=\"85a31a6\" data-element_type=\"widget\" data-e-type=\"widget\" data-widget_type=\"button.default\">\n\t\t\t\t\t\t\t\t\t\t<a class=\"elementor-button elementor-button-link elementor-size-sm elementor-animation-float\" href=\"https:\/\/prezzu.com.br\/produto\/personalizado-digital\/\">\n\t\t\t\t\t\t<span class=\"elementor-button-content-wrapper\">\n\t\t\t\t\t\t<span class=\"elementor-button-icon\">\n\t\t\t\t<svg aria-hidden=\"true\" class=\"e-font-icon-svg e-far-credit-card\" viewbox=\"0 0 576 512\" xmlns=\"http:\/\/www.w3.org\/2000\/svg\"><path d=\"M527.9 32H48.1C21.5 32 0 53.5 0 80v352c0 26.5 21.5 48 48.1 48h479.8c26.6 0 48.1-21.5 48.1-48V80c0-26.5-21.5-48-48.1-48zM54.1 80h467.8c3.3 0 6 2.7 6 6v42H48.1V86c0-3.3 2.7-6 6-6zm467.8 352H54.1c-3.3 0-6-2.7-6-6V256h479.8v170c0 3.3-2.7 6-6 6zM192 332v40c0 6.6-5.4 12-12 12h-72c-6.6 0-12-5.4-12-12v-40c0-6.6 5.4-12 12-12h72c6.6 0 12 5.4 12 12zm192 0v40c0 6.6-5.4 12-12 12H236c-6.6 0-12-5.4-12-12v-40c0-6.6 5.4-12 12-12h136c6.6 0 12 5.4 12 12z\"><\/path><\/svg>\t\t\t<\/span>\n\t\t\t\t\t\t\t\t\t<span class=\"elementor-button-text\">D\u00e1 um Prezzu!<\/span>\n\t\t\t\t\t<\/span>\n\t\t\t\t\t<\/a>\n\t\t\t\t\t\t\t\t<\/div>\n\t\t\t\t\t<\/div>\n\t\t<\/div>\n\t\t\t\t<div class=\"elementor-column elementor-col-25 elementor-inner-column elementor-element elementor-element-7d0bac0f\" data-id=\"7d0bac0f\" data-element_type=\"column\" data-e-type=\"column\" data-settings=\"{&quot;background_background&quot;:&quot;gradient&quot;}\">\n\t\t\t<div class=\"elementor-widget-wrap elementor-element-populated\">\n\t\t\t\t\t\t<div class=\"elementor-element elementor-element-2f2b8c22 elementor-widget__width-initial elementor-widget elementor-widget-image\" data-id=\"2f2b8c22\" data-element_type=\"widget\" data-e-type=\"widget\" data-widget_type=\"image.default\">\n\t\t\t\t\t\t\t\t\t\t\t\t\t\t\t<img loading=\"lazy\" decoding=\"async\" width=\"720\" height=\"900\" src=\"https:\/\/prezzu.com.br\/wp-content\/uploads\/2026\/03\/Copia-de-Copia-de-Modelo-tamanho-720x1040-2.png\" class=\"attachment-large size-large wp-image-4379\" alt=\"\" srcset=\"https:\/\/prezzu.com.br\/wp-content\/uploads\/2026\/03\/Copia-de-Copia-de-Modelo-tamanho-720x1040-2.png 720w, https:\/\/prezzu.com.br\/wp-content\/uploads\/2026\/03\/Copia-de-Copia-de-Modelo-tamanho-720x1040-2-240x300.png 240w, https:\/\/prezzu.com.br\/wp-content\/uploads\/2026\/03\/Copia-de-Copia-de-Modelo-tamanho-720x1040-2-10x12.png 10w, https:\/\/prezzu.com.br\/wp-content\/uploads\/2026\/03\/Copia-de-Copia-de-Modelo-tamanho-720x1040-2-600x750.png 600w\" sizes=\"(max-width: 720px) 100vw, 720px\" \/>\t\t\t\t\t\t\t\t\t\t\t\t\t\t\t<\/div>\n\t\t\t\t<div class=\"elementor-element elementor-element-2e5c829 elementor-widget elementor-widget-heading\" data-id=\"2e5c829\" data-element_type=\"widget\" data-e-type=\"widget\" data-widget_type=\"heading.default\">\n\t\t\t\t\t<h2 class=\"elementor-heading-title elementor-size-default\">Football<\/h2>\t\t\t\t<\/div>\n\t\t\t\t<div class=\"elementor-element elementor-element-83ebb8f elementor-align-center elementor-widget__width-initial elementor-widget elementor-widget-button\" data-id=\"83ebb8f\" data-element_type=\"widget\" data-e-type=\"widget\" data-widget_type=\"button.default\">\n\t\t\t\t\t\t\t\t\t\t<a class=\"elementor-button elementor-button-link elementor-size-sm elementor-animation-float\" href=\"https:\/\/prezzu.com.br\/produto\/futebol-digital\/\">\n\t\t\t\t\t\t<span class=\"elementor-button-content-wrapper\">\n\t\t\t\t\t\t<span class=\"elementor-button-icon\">\n\t\t\t\t<svg aria-hidden=\"true\" class=\"e-font-icon-svg e-far-credit-card\" viewbox=\"0 0 576 512\" xmlns=\"http:\/\/www.w3.org\/2000\/svg\"><path d=\"M527.9 32H48.1C21.5 32 0 53.5 0 80v352c0 26.5 21.5 48 48.1 48h479.8c26.6 0 48.1-21.5 48.1-48V80c0-26.5-21.5-48-48.1-48zM54.1 80h467.8c3.3 0 6 2.7 6 6v42H48.1V86c0-3.3 2.7-6 6-6zm467.8 352H54.1c-3.3 0-6-2.7-6-6V256h479.8v170c0 3.3-2.7 6-6 6zM192 332v40c0 6.6-5.4 12-12 12h-72c-6.6 0-12-5.4-12-12v-40c0-6.6 5.4-12 12-12h72c6.6 0 12 5.4 12 12zm192 0v40c0 6.6-5.4 12-12 12H236c-6.6 0-12-5.4-12-12v-40c0-6.6 5.4-12 12-12h136c6.6 0 12 5.4 12 12z\"><\/path><\/svg>\t\t\t<\/span>\n\t\t\t\t\t\t\t\t\t<span class=\"elementor-button-text\">D\u00e1 um Prezzu!<\/span>\n\t\t\t\t\t<\/span>\n\t\t\t\t\t<\/a>\n\t\t\t\t\t\t\t\t<\/div>\n\t\t\t\t\t<\/div>\n\t\t<\/div>\n\t\t\t\t\t<\/div>\n\t\t<\/section>\n\t\t\t\t<div class=\"elementor-element elementor-element-6084dcba elementor-widget elementor-widget-heading\" data-id=\"6084dcba\" data-element_type=\"widget\" data-e-type=\"widget\" data-widget_type=\"heading.default\">\n\t\t\t\t\t<h2 class=\"elementor-heading-title elementor-size-default\">Football\n<\/h2>\t\t\t\t<\/div>\n\t\t\t\t\t<\/div>\n\t\t<\/div>\n\t\t\t\t\t<\/div>\n\t\t<\/section>\n\t\t<div class=\"elementor-element elementor-element-67fc520 e-grid e-con-full e-con e-parent\" data-id=\"67fc520\" data-element_type=\"container\" data-e-type=\"container\">\n\t\t\t\t<div class=\"elementor-element elementor-element-2310dfa elementor-widget elementor-widget-image\" data-id=\"2310dfa\" data-element_type=\"widget\" data-e-type=\"widget\" data-widget_type=\"image.default\">\n\t\t\t\t\t\t\t\t\t\t\t\t\t\t\t<img loading=\"lazy\" decoding=\"async\" width=\"768\" height=\"512\" src=\"https:\/\/prezzu.com.br\/wp-content\/uploads\/2026\/03\/Cartao-digital-768x512.png\" class=\"attachment-medium_large size-medium_large wp-image-4467\" alt=\"\" srcset=\"https:\/\/prezzu.com.br\/wp-content\/uploads\/2026\/03\/Cartao-digital-768x512.png 768w, https:\/\/prezzu.com.br\/wp-content\/uploads\/2026\/03\/Cartao-digital-300x200.png 300w, https:\/\/prezzu.com.br\/wp-content\/uploads\/2026\/03\/Cartao-digital-1024x683.png 1024w, https:\/\/prezzu.com.br\/wp-content\/uploads\/2026\/03\/Cartao-digital-1536x1024.png 1536w, https:\/\/prezzu.com.br\/wp-content\/uploads\/2026\/03\/Cartao-digital-18x12.png 18w, https:\/\/prezzu.com.br\/wp-content\/uploads\/2026\/03\/Cartao-digital-1320x880.png 1320w, https:\/\/prezzu.com.br\/wp-content\/uploads\/2026\/03\/Cartao-digital-600x400.png 600w, https:\/\/prezzu.com.br\/wp-content\/uploads\/2026\/03\/Cartao-digital.png 1920w\" sizes=\"(max-width: 768px) 100vw, 768px\" \/>\t\t\t\t\t\t\t\t\t\t\t\t\t\t\t<\/div>\n\t\t\t\t<div class=\"elementor-element elementor-element-8142713 elementor-widget elementor-widget-text-editor\" data-id=\"8142713\" data-element_type=\"widget\" data-e-type=\"widget\" data-widget_type=\"text-editor.default\">\n\t\t\t\t\t\t\t\t\t<h4 style=\"text-align: left;\">\u00a0<span style=\"color: #1b6875;\">Cart\u00e3o Digital Prezzu<\/span><\/h4><p style=\"text-align: left;\">O\u00a0cart\u00e3o digital Prezzu j\u00e1 nasce pronto para compras online!<\/p><p style=\"text-align: left;\">Para usar presencialmente, \u00e9 s\u00f3 adicion\u00e1-lo \u00e0 sua carteira digital.<\/p><h6 style=\"text-align: center;\"><span style=\"color: #1b6875;\">(como Google Pay ou Apple Pay).<\/span><\/h6>\t\t\t\t\t\t\t\t<\/div>\n\t\t\t\t<\/div>\n\t\t\t\t<\/div>","protected":false},"excerpt":{"rendered":"<p>Ocasional D\u00e1 um Prezzu! Cl\u00e1ssico D\u00e1 um Prezzu! Personalizado D\u00e1 um Prezzu! Futebol D\u00e1 um Prezzu! Futebol \u00a0Cart\u00e3o Digital Prezzu O\u00a0cart\u00e3o digital Prezzu j\u00e1 nasce pronto para compras online! Para usar presencialmente, \u00e9 s\u00f3 adicion\u00e1-lo \u00e0 sua carteira digital. (como Google Pay ou Apple Pay).<\/p>","protected":false},"author":1,"featured_media":0,"parent":0,"menu_order":0,"comment_status":"closed","ping_status":"closed","template":"","meta":{"_joinchat":[],"footnotes":""},"class_list":["post-4332","page","type-page","status-publish","hentry"],"jetpack_sharing_enabled":true,"_links":{"self":[{"href":"https:\/\/prezzu.com.br\/en\/wp-json\/wp\/v2\/pages\/4332","targetHints":{"allow":["GET"]}}],"collection":[{"href":"https:\/\/prezzu.com.br\/en\/wp-json\/wp\/v2\/pages"}],"about":[{"href":"https:\/\/prezzu.com.br\/en\/wp-json\/wp\/v2\/types\/page"}],"author":[{"embeddable":true,"href":"https:\/\/prezzu.com.br\/en\/wp-json\/wp\/v2\/users\/1"}],"replies":[{"embeddable":true,"href":"https:\/\/prezzu.com.br\/en\/wp-json\/wp\/v2\/comments?post=4332"}],"version-history":[{"count":74,"href":"https:\/\/prezzu.com.br\/en\/wp-json\/wp\/v2\/pages\/4332\/revisions"}],"predecessor-version":[{"id":4789,"href":"https:\/\/prezzu.com.br\/en\/wp-json\/wp\/v2\/pages\/4332\/revisions\/4789"}],"wp:attachment":[{"href":"https:\/\/prezzu.com.br\/en\/wp-json\/wp\/v2\/media?parent=4332"}],"curies":[{"name":"wp","href":"https:\/\/api.w.org\/{rel}","templated":true}]}}