{"id":4421,"date":"2026-03-10T15:08:46","date_gmt":"2026-03-10T15:08:46","guid":{"rendered":"https:\/\/prezzu.com.br\/?page_id=4421"},"modified":"2026-04-29T19:56:50","modified_gmt":"2026-04-29T19:56:50","slug":"cartao-fisico","status":"publish","type":"page","link":"https:\/\/prezzu.com.br\/en\/cartao-fisico\/","title":{"rendered":"Cart\u00e3o F\u00edsico"},"content":{"rendered":"<div data-elementor-type=\"wp-page\" data-elementor-id=\"4421\" class=\"elementor elementor-4421\" data-elementor-post-type=\"page\">\n\t\t\t\t\t\t<section class=\"elementor-section elementor-top-section elementor-element elementor-element-7c87dee3 elementor-section-full_width elementor-section-height-default elementor-section-height-default\" data-id=\"7c87dee3\" data-element_type=\"section\" data-e-type=\"section\" data-settings=\"{&quot;background_background&quot;:&quot;classic&quot;}\">\n\t\t\t\t\t\t<div class=\"elementor-container elementor-column-gap-narrow\">\n\t\t\t\t\t<div class=\"elementor-column elementor-col-100 elementor-top-column elementor-element elementor-element-7942e2f\" data-id=\"7942e2f\" data-element_type=\"column\" data-e-type=\"column\">\n\t\t\t<div class=\"elementor-widget-wrap elementor-element-populated\">\n\t\t\t\t\t\t<section class=\"elementor-section elementor-inner-section elementor-element elementor-element-6f407b06 elementor-section-full_width elementor-section-height-default elementor-section-height-default\" data-id=\"6f407b06\" data-element_type=\"section\" data-e-type=\"section\">\n\t\t\t\t\t\t<div class=\"elementor-container elementor-column-gap-narrow\">\n\t\t\t\t\t<div class=\"elementor-column elementor-col-16 elementor-inner-column elementor-element elementor-element-d0f45d9\" data-id=\"d0f45d9\" data-element_type=\"column\" data-e-type=\"column\" data-settings=\"{&quot;background_background&quot;:&quot;gradient&quot;}\">\n\t\t\t<div class=\"elementor-widget-wrap elementor-element-populated\">\n\t\t\t\t\t\t<div class=\"elementor-element elementor-element-fa5efb4 elementor-widget__width-initial elementor-widget elementor-widget-image\" data-id=\"fa5efb4\" data-element_type=\"widget\" data-e-type=\"widget\" data-widget_type=\"image.default\">\n\t\t\t\t\t\t\t\t\t\t\t\t\t\t\t<img fetchpriority=\"high\" decoding=\"async\" width=\"208\" height=\"300\" src=\"https:\/\/prezzu.com.br\/wp-content\/uploads\/2026\/04\/kit-dia-das-maes-2-208x300.jpg\" class=\"attachment-medium size-medium wp-image-4739\" alt=\"\" srcset=\"https:\/\/prezzu.com.br\/wp-content\/uploads\/2026\/04\/kit-dia-das-maes-2-208x300.jpg 208w, https:\/\/prezzu.com.br\/wp-content\/uploads\/2026\/04\/kit-dia-das-maes-2-709x1024.jpg 709w, https:\/\/prezzu.com.br\/wp-content\/uploads\/2026\/04\/kit-dia-das-maes-2-8x12.jpg 8w, https:\/\/prezzu.com.br\/wp-content\/uploads\/2026\/04\/kit-dia-das-maes-2-600x867.jpg 600w, https:\/\/prezzu.com.br\/wp-content\/uploads\/2026\/04\/kit-dia-das-maes-2.jpg 720w\" sizes=\"(max-width: 208px) 100vw, 208px\" \/>\t\t\t\t\t\t\t\t\t\t\t\t\t\t\t<\/div>\n\t\t\t\t<div class=\"elementor-element elementor-element-d027c2c elementor-widget__width-initial elementor-widget elementor-widget-heading\" data-id=\"d027c2c\" data-element_type=\"widget\" data-e-type=\"widget\" data-widget_type=\"heading.default\">\n\t\t\t\t\t<h2 class=\"elementor-heading-title elementor-size-default\">Dia das M\u00e3es Kit<\/h2>\t\t\t\t<\/div>\n\t\t\t\t<div class=\"elementor-element elementor-element-861b755 elementor-align-center elementor-widget__width-initial elementor-widget elementor-widget-button\" data-id=\"861b755\" data-element_type=\"widget\" data-e-type=\"widget\" data-widget_type=\"button.default\">\n\t\t\t\t\t\t\t\t\t\t<a class=\"elementor-button elementor-button-link elementor-size-sm elementor-animation-float\" href=\"https:\/\/prezzu.com.br\/produto\/dia-das-maes-kit\/\">\n\t\t\t\t\t\t<span class=\"elementor-button-content-wrapper\">\n\t\t\t\t\t\t<span class=\"elementor-button-icon\">\n\t\t\t\t<svg aria-hidden=\"true\" class=\"e-font-icon-svg e-far-credit-card\" viewbox=\"0 0 576 512\" xmlns=\"http:\/\/www.w3.org\/2000\/svg\"><path d=\"M527.9 32H48.1C21.5 32 0 53.5 0 80v352c0 26.5 21.5 48 48.1 48h479.8c26.6 0 48.1-21.5 48.1-48V80c0-26.5-21.5-48-48.1-48zM54.1 80h467.8c3.3 0 6 2.7 6 6v42H48.1V86c0-3.3 2.7-6 6-6zm467.8 352H54.1c-3.3 0-6-2.7-6-6V256h479.8v170c0 3.3-2.7 6-6 6zM192 332v40c0 6.6-5.4 12-12 12h-72c-6.6 0-12-5.4-12-12v-40c0-6.6 5.4-12 12-12h72c6.6 0 12 5.4 12 12zm192 0v40c0 6.6-5.4 12-12 12H236c-6.6 0-12-5.4-12-12v-40c0-6.6 5.4-12 12-12h136c6.6 0 12 5.4 12 12z\"><\/path><\/svg>\t\t\t<\/span>\n\t\t\t\t\t\t\t\t\t<span class=\"elementor-button-text\">D\u00e1 um Prezzu!<\/span>\n\t\t\t\t\t<\/span>\n\t\t\t\t\t<\/a>\n\t\t\t\t\t\t\t\t<\/div>\n\t\t\t\t\t<\/div>\n\t\t<\/div>\n\t\t\t\t<div class=\"elementor-column elementor-col-16 elementor-inner-column elementor-element elementor-element-445f10ec\" data-id=\"445f10ec\" data-element_type=\"column\" data-e-type=\"column\" data-settings=\"{&quot;background_background&quot;:&quot;classic&quot;}\">\n\t\t\t<div class=\"elementor-widget-wrap elementor-element-populated\">\n\t\t\t\t\t\t<div class=\"elementor-element elementor-element-473d28e4 elementor-widget__width-initial elementor-widget elementor-widget-image\" data-id=\"473d28e4\" data-element_type=\"widget\" data-e-type=\"widget\" data-widget_type=\"image.default\">\n\t\t\t\t\t\t\t\t\t\t\t\t\t\t\t<img decoding=\"async\" width=\"208\" height=\"300\" src=\"https:\/\/prezzu.com.br\/wp-content\/uploads\/2025\/11\/Copia-de-Envelope-1040x1040-3-208x300.png\" class=\"attachment-medium size-medium wp-image-2746\" alt=\"\" srcset=\"https:\/\/prezzu.com.br\/wp-content\/uploads\/2025\/11\/Copia-de-Envelope-1040x1040-3-208x300.png 208w, https:\/\/prezzu.com.br\/wp-content\/uploads\/2025\/11\/Copia-de-Envelope-1040x1040-3-709x1024.png 709w, https:\/\/prezzu.com.br\/wp-content\/uploads\/2025\/11\/Copia-de-Envelope-1040x1040-3-8x12.png 8w, https:\/\/prezzu.com.br\/wp-content\/uploads\/2025\/11\/Copia-de-Envelope-1040x1040-3-600x867.png 600w, https:\/\/prezzu.com.br\/wp-content\/uploads\/2025\/11\/Copia-de-Envelope-1040x1040-3.png 720w\" sizes=\"(max-width: 208px) 100vw, 208px\" \/>\t\t\t\t\t\t\t\t\t\t\t\t\t\t\t<\/div>\n\t\t\t\t<div class=\"elementor-element elementor-element-eb0f2f6 elementor-widget elementor-widget-heading\" data-id=\"eb0f2f6\" data-element_type=\"widget\" data-e-type=\"widget\" data-widget_type=\"heading.default\">\n\t\t\t\t\t<h2 class=\"elementor-heading-title elementor-size-default\">Cl\u00e1ssico<\/h2>\t\t\t\t<\/div>\n\t\t\t\t<div class=\"elementor-element elementor-element-433db2d0 elementor-align-center elementor-widget__width-initial elementor-widget elementor-widget-button\" data-id=\"433db2d0\" data-element_type=\"widget\" data-e-type=\"widget\" data-widget_type=\"button.default\">\n\t\t\t\t\t\t\t\t\t\t<a class=\"elementor-button elementor-button-link elementor-size-sm elementor-animation-float\" href=\"https:\/\/prezzu.com.br\/produto\/cartao-classico\/\">\n\t\t\t\t\t\t<span class=\"elementor-button-content-wrapper\">\n\t\t\t\t\t\t<span class=\"elementor-button-icon\">\n\t\t\t\t<svg aria-hidden=\"true\" class=\"e-font-icon-svg e-far-credit-card\" viewbox=\"0 0 576 512\" xmlns=\"http:\/\/www.w3.org\/2000\/svg\"><path d=\"M527.9 32H48.1C21.5 32 0 53.5 0 80v352c0 26.5 21.5 48 48.1 48h479.8c26.6 0 48.1-21.5 48.1-48V80c0-26.5-21.5-48-48.1-48zM54.1 80h467.8c3.3 0 6 2.7 6 6v42H48.1V86c0-3.3 2.7-6 6-6zm467.8 352H54.1c-3.3 0-6-2.7-6-6V256h479.8v170c0 3.3-2.7 6-6 6zM192 332v40c0 6.6-5.4 12-12 12h-72c-6.6 0-12-5.4-12-12v-40c0-6.6 5.4-12 12-12h72c6.6 0 12 5.4 12 12zm192 0v40c0 6.6-5.4 12-12 12H236c-6.6 0-12-5.4-12-12v-40c0-6.6 5.4-12 12-12h136c6.6 0 12 5.4 12 12z\"><\/path><\/svg>\t\t\t<\/span>\n\t\t\t\t\t\t\t\t\t<span class=\"elementor-button-text\">D\u00e1 um Prezzu!<\/span>\n\t\t\t\t\t<\/span>\n\t\t\t\t\t<\/a>\n\t\t\t\t\t\t\t\t<\/div>\n\t\t\t\t\t<\/div>\n\t\t<\/div>\n\t\t\t\t<div class=\"elementor-column elementor-col-16 elementor-inner-column elementor-element elementor-element-90f3df9\" data-id=\"90f3df9\" data-element_type=\"column\" data-e-type=\"column\" data-settings=\"{&quot;background_background&quot;:&quot;gradient&quot;}\">\n\t\t\t<div class=\"elementor-widget-wrap elementor-element-populated\">\n\t\t\t\t\t\t<div class=\"elementor-element elementor-element-5b7e8860 elementor-widget__width-initial elementor-widget elementor-widget-image\" data-id=\"5b7e8860\" data-element_type=\"widget\" data-e-type=\"widget\" data-widget_type=\"image.default\">\n\t\t\t\t\t\t\t\t\t\t\t\t\t\t\t<img decoding=\"async\" width=\"208\" height=\"300\" src=\"https:\/\/prezzu.com.br\/wp-content\/uploads\/2026\/02\/Copia-de-Copia-de-Kit-Natal-Capa-720x1040-3-208x300.png\" class=\"attachment-medium size-medium wp-image-3694\" alt=\"\" srcset=\"https:\/\/prezzu.com.br\/wp-content\/uploads\/2026\/02\/Copia-de-Copia-de-Kit-Natal-Capa-720x1040-3-208x300.png 208w, https:\/\/prezzu.com.br\/wp-content\/uploads\/2026\/02\/Copia-de-Copia-de-Kit-Natal-Capa-720x1040-3-8x12.png 8w, https:\/\/prezzu.com.br\/wp-content\/uploads\/2026\/02\/Copia-de-Copia-de-Kit-Natal-Capa-720x1040-3-600x867.png 600w, https:\/\/prezzu.com.br\/wp-content\/uploads\/2026\/02\/Copia-de-Copia-de-Kit-Natal-Capa-720x1040-3.png 623w\" sizes=\"(max-width: 208px) 100vw, 208px\" \/>\t\t\t\t\t\t\t\t\t\t\t\t\t\t\t<\/div>\n\t\t\t\t<div class=\"elementor-element elementor-element-6db81122 elementor-widget elementor-widget-heading\" data-id=\"6db81122\" data-element_type=\"widget\" data-e-type=\"widget\" data-widget_type=\"heading.default\">\n\t\t\t\t\t<h2 class=\"elementor-heading-title elementor-size-default\">Anivers\u00e1rio<\/h2>\t\t\t\t<\/div>\n\t\t\t\t<div class=\"elementor-element elementor-element-12179e4 elementor-align-center elementor-widget__width-initial elementor-widget elementor-widget-button\" data-id=\"12179e4\" data-element_type=\"widget\" data-e-type=\"widget\" data-widget_type=\"button.default\">\n\t\t\t\t\t\t\t\t\t\t<a class=\"elementor-button elementor-button-link elementor-size-sm elementor-animation-float\" href=\"https:\/\/prezzu.com.br\/produto\/cartao-personalizado\/\">\n\t\t\t\t\t\t<span class=\"elementor-button-content-wrapper\">\n\t\t\t\t\t\t<span class=\"elementor-button-icon\">\n\t\t\t\t<svg aria-hidden=\"true\" class=\"e-font-icon-svg e-far-credit-card\" viewbox=\"0 0 576 512\" xmlns=\"http:\/\/www.w3.org\/2000\/svg\"><path d=\"M527.9 32H48.1C21.5 32 0 53.5 0 80v352c0 26.5 21.5 48 48.1 48h479.8c26.6 0 48.1-21.5 48.1-48V80c0-26.5-21.5-48-48.1-48zM54.1 80h467.8c3.3 0 6 2.7 6 6v42H48.1V86c0-3.3 2.7-6 6-6zm467.8 352H54.1c-3.3 0-6-2.7-6-6V256h479.8v170c0 3.3-2.7 6-6 6zM192 332v40c0 6.6-5.4 12-12 12h-72c-6.6 0-12-5.4-12-12v-40c0-6.6 5.4-12 12-12h72c6.6 0 12 5.4 12 12zm192 0v40c0 6.6-5.4 12-12 12H236c-6.6 0-12-5.4-12-12v-40c0-6.6 5.4-12 12-12h136c6.6 0 12 5.4 12 12z\"><\/path><\/svg>\t\t\t<\/span>\n\t\t\t\t\t\t\t\t\t<span class=\"elementor-button-text\">D\u00e1 um Prezzu!<\/span>\n\t\t\t\t\t<\/span>\n\t\t\t\t\t<\/a>\n\t\t\t\t\t\t\t\t<\/div>\n\t\t\t\t\t<\/div>\n\t\t<\/div>\n\t\t\t\t<div class=\"elementor-column elementor-col-16 elementor-inner-column elementor-element elementor-element-35ca24e\" data-id=\"35ca24e\" data-element_type=\"column\" data-e-type=\"column\" data-settings=\"{&quot;background_background&quot;:&quot;gradient&quot;}\">\n\t\t\t<div class=\"elementor-widget-wrap elementor-element-populated\">\n\t\t\t\t\t\t<div class=\"elementor-element elementor-element-19fb92f elementor-widget__width-initial elementor-widget elementor-widget-image\" data-id=\"19fb92f\" data-element_type=\"widget\" data-e-type=\"widget\" data-widget_type=\"image.default\">\n\t\t\t\t\t\t\t\t\t\t\t\t\t\t\t<img loading=\"lazy\" decoding=\"async\" width=\"208\" height=\"300\" src=\"https:\/\/prezzu.com.br\/wp-content\/uploads\/2025\/12\/Copia-de-Copia-de-Kit-Natal-Capa-720x1040-2-208x300.png\" class=\"attachment-medium size-medium wp-image-3072\" alt=\"\" srcset=\"https:\/\/prezzu.com.br\/wp-content\/uploads\/2025\/12\/Copia-de-Copia-de-Kit-Natal-Capa-720x1040-2-208x300.png 208w, https:\/\/prezzu.com.br\/wp-content\/uploads\/2025\/12\/Copia-de-Copia-de-Kit-Natal-Capa-720x1040-2-709x1024.png 709w, https:\/\/prezzu.com.br\/wp-content\/uploads\/2025\/12\/Copia-de-Copia-de-Kit-Natal-Capa-720x1040-2-8x12.png 8w, https:\/\/prezzu.com.br\/wp-content\/uploads\/2025\/12\/Copia-de-Copia-de-Kit-Natal-Capa-720x1040-2-600x867.png 600w, https:\/\/prezzu.com.br\/wp-content\/uploads\/2025\/12\/Copia-de-Copia-de-Kit-Natal-Capa-720x1040-2-e1766875563225.png 623w\" sizes=\"(max-width: 208px) 100vw, 208px\" \/>\t\t\t\t\t\t\t\t\t\t\t\t\t\t\t<\/div>\n\t\t\t\t<div class=\"elementor-element elementor-element-764ce89 elementor-widget__width-initial elementor-widget elementor-widget-heading\" data-id=\"764ce89\" data-element_type=\"widget\" data-e-type=\"widget\" data-widget_type=\"heading.default\">\n\t\t\t\t\t<h2 class=\"elementor-heading-title elementor-size-default\">Custom<\/h2>\t\t\t\t<\/div>\n\t\t\t\t<div class=\"elementor-element elementor-element-4a1e9947 elementor-align-center elementor-widget__width-initial elementor-widget elementor-widget-button\" data-id=\"4a1e9947\" data-element_type=\"widget\" data-e-type=\"widget\" data-widget_type=\"button.default\">\n\t\t\t\t\t\t\t\t\t\t<a class=\"elementor-button elementor-button-link elementor-size-sm elementor-animation-float\" href=\"https:\/\/prezzu.com.br\/produto\/kit-aniversario\/\">\n\t\t\t\t\t\t<span class=\"elementor-button-content-wrapper\">\n\t\t\t\t\t\t<span class=\"elementor-button-icon\">\n\t\t\t\t<svg aria-hidden=\"true\" class=\"e-font-icon-svg e-far-credit-card\" viewbox=\"0 0 576 512\" xmlns=\"http:\/\/www.w3.org\/2000\/svg\"><path d=\"M527.9 32H48.1C21.5 32 0 53.5 0 80v352c0 26.5 21.5 48 48.1 48h479.8c26.6 0 48.1-21.5 48.1-48V80c0-26.5-21.5-48-48.1-48zM54.1 80h467.8c3.3 0 6 2.7 6 6v42H48.1V86c0-3.3 2.7-6 6-6zm467.8 352H54.1c-3.3 0-6-2.7-6-6V256h479.8v170c0 3.3-2.7 6-6 6zM192 332v40c0 6.6-5.4 12-12 12h-72c-6.6 0-12-5.4-12-12v-40c0-6.6 5.4-12 12-12h72c6.6 0 12 5.4 12 12zm192 0v40c0 6.6-5.4 12-12 12H236c-6.6 0-12-5.4-12-12v-40c0-6.6 5.4-12 12-12h136c6.6 0 12 5.4 12 12z\"><\/path><\/svg>\t\t\t<\/span>\n\t\t\t\t\t\t\t\t\t<span class=\"elementor-button-text\">D\u00e1 um Prezzu!<\/span>\n\t\t\t\t\t<\/span>\n\t\t\t\t\t<\/a>\n\t\t\t\t\t\t\t\t<\/div>\n\t\t\t\t\t<\/div>\n\t\t<\/div>\n\t\t\t\t<div class=\"elementor-column elementor-col-16 elementor-inner-column elementor-element elementor-element-dab07ff\" data-id=\"dab07ff\" data-element_type=\"column\" data-e-type=\"column\" data-settings=\"{&quot;background_background&quot;:&quot;classic&quot;}\">\n\t\t\t<div class=\"elementor-widget-wrap elementor-element-populated\">\n\t\t\t\t\t\t<div class=\"elementor-element elementor-element-3e1cdef elementor-widget__width-initial elementor-widget elementor-widget-image\" data-id=\"3e1cdef\" data-element_type=\"widget\" data-e-type=\"widget\" data-widget_type=\"image.default\">\n\t\t\t\t\t\t\t\t\t\t\t\t\t\t\t<img loading=\"lazy\" decoding=\"async\" width=\"208\" height=\"300\" src=\"https:\/\/prezzu.com.br\/wp-content\/uploads\/2025\/12\/KIT-Premio-Casamento-2-1024-x-1024-px-720-x-1040-px-208x300.png\" class=\"attachment-medium size-medium wp-image-3089\" alt=\"\" srcset=\"https:\/\/prezzu.com.br\/wp-content\/uploads\/2025\/12\/KIT-Premio-Casamento-2-1024-x-1024-px-720-x-1040-px-208x300.png 208w, https:\/\/prezzu.com.br\/wp-content\/uploads\/2025\/12\/KIT-Premio-Casamento-2-1024-x-1024-px-720-x-1040-px-709x1024.png 709w, https:\/\/prezzu.com.br\/wp-content\/uploads\/2025\/12\/KIT-Premio-Casamento-2-1024-x-1024-px-720-x-1040-px-8x12.png 8w, https:\/\/prezzu.com.br\/wp-content\/uploads\/2025\/12\/KIT-Premio-Casamento-2-1024-x-1024-px-720-x-1040-px-600x867.png 600w, https:\/\/prezzu.com.br\/wp-content\/uploads\/2025\/12\/KIT-Premio-Casamento-2-1024-x-1024-px-720-x-1040-px.png 720w\" sizes=\"(max-width: 208px) 100vw, 208px\" \/>\t\t\t\t\t\t\t\t\t\t\t\t\t\t\t<\/div>\n\t\t\t\t<div class=\"elementor-element elementor-element-b003d97 elementor-widget elementor-widget-heading\" data-id=\"b003d97\" data-element_type=\"widget\" data-e-type=\"widget\" data-widget_type=\"heading.default\">\n\t\t\t\t\t<h2 class=\"elementor-heading-title elementor-size-default\">Casamento<\/h2>\t\t\t\t<\/div>\n\t\t\t\t<div class=\"elementor-element elementor-element-86a700a elementor-align-center elementor-widget__width-initial elementor-widget elementor-widget-button\" data-id=\"86a700a\" data-element_type=\"widget\" data-e-type=\"widget\" data-widget_type=\"button.default\">\n\t\t\t\t\t\t\t\t\t\t<a class=\"elementor-button elementor-button-link elementor-size-sm elementor-animation-float\" href=\"https:\/\/prezzu.com.br\/produto\/kit-casamento\/\">\n\t\t\t\t\t\t<span class=\"elementor-button-content-wrapper\">\n\t\t\t\t\t\t\t\t\t<span class=\"elementor-button-text\">D\u00e1 um Prezzu!<\/span>\n\t\t\t\t\t<\/span>\n\t\t\t\t\t<\/a>\n\t\t\t\t\t\t\t\t<\/div>\n\t\t\t\t\t<\/div>\n\t\t<\/div>\n\t\t\t\t<div class=\"elementor-column elementor-col-16 elementor-inner-column elementor-element elementor-element-8fa083b\" data-id=\"8fa083b\" data-element_type=\"column\" data-e-type=\"column\" data-settings=\"{&quot;background_background&quot;:&quot;gradient&quot;}\">\n\t\t\t<div class=\"elementor-widget-wrap elementor-element-populated\">\n\t\t\t\t\t\t<div class=\"elementor-element elementor-element-3391fc8 elementor-widget__width-initial elementor-widget elementor-widget-image\" data-id=\"3391fc8\" data-element_type=\"widget\" data-e-type=\"widget\" data-widget_type=\"image.default\">\n\t\t\t\t\t\t\t\t\t\t\t\t\t\t\t<img loading=\"lazy\" decoding=\"async\" width=\"208\" height=\"300\" src=\"https:\/\/prezzu.com.br\/wp-content\/uploads\/2025\/12\/Copia-de-Modelo-tamanho-720x1040-4-208x300.png\" class=\"attachment-medium size-medium wp-image-2759\" alt=\"\" srcset=\"https:\/\/prezzu.com.br\/wp-content\/uploads\/2025\/12\/Copia-de-Modelo-tamanho-720x1040-4-208x300.png 208w, https:\/\/prezzu.com.br\/wp-content\/uploads\/2025\/12\/Copia-de-Modelo-tamanho-720x1040-4-709x1024.png 709w, https:\/\/prezzu.com.br\/wp-content\/uploads\/2025\/12\/Copia-de-Modelo-tamanho-720x1040-4-8x12.png 8w, https:\/\/prezzu.com.br\/wp-content\/uploads\/2025\/12\/Copia-de-Modelo-tamanho-720x1040-4-600x867.png 600w, https:\/\/prezzu.com.br\/wp-content\/uploads\/2025\/12\/Copia-de-Modelo-tamanho-720x1040-4.png 720w\" sizes=\"(max-width: 208px) 100vw, 208px\" \/>\t\t\t\t\t\t\t\t\t\t\t\t\t\t\t<\/div>\n\t\t\t\t<div class=\"elementor-element elementor-element-b4b42aa elementor-widget__width-initial elementor-widget elementor-widget-heading\" data-id=\"b4b42aa\" data-element_type=\"widget\" data-e-type=\"widget\" data-widget_type=\"heading.default\">\n\t\t\t\t\t<h2 class=\"elementor-heading-title elementor-size-default\"><a href=\"https:\/\/prezzu.com.br\/wp-admin\/post.php?post=4332&#038;action=elementor\">Ch\u00e1 de Bebe<\/a><\/h2>\t\t\t\t<\/div>\n\t\t\t\t<div class=\"elementor-element elementor-element-44a419e elementor-align-center elementor-widget__width-initial elementor-widget elementor-widget-button\" data-id=\"44a419e\" data-element_type=\"widget\" data-e-type=\"widget\" data-widget_type=\"button.default\">\n\t\t\t\t\t\t\t\t\t\t<a class=\"elementor-button elementor-button-link elementor-size-sm elementor-animation-float\" href=\"https:\/\/prezzu.com.br\/produto\/kit-prezzu\/\">\n\t\t\t\t\t\t<span class=\"elementor-button-content-wrapper\">\n\t\t\t\t\t\t<span class=\"elementor-button-icon\">\n\t\t\t\t<svg aria-hidden=\"true\" class=\"e-font-icon-svg e-far-credit-card\" viewbox=\"0 0 576 512\" xmlns=\"http:\/\/www.w3.org\/2000\/svg\"><path d=\"M527.9 32H48.1C21.5 32 0 53.5 0 80v352c0 26.5 21.5 48 48.1 48h479.8c26.6 0 48.1-21.5 48.1-48V80c0-26.5-21.5-48-48.1-48zM54.1 80h467.8c3.3 0 6 2.7 6 6v42H48.1V86c0-3.3 2.7-6 6-6zm467.8 352H54.1c-3.3 0-6-2.7-6-6V256h479.8v170c0 3.3-2.7 6-6 6zM192 332v40c0 6.6-5.4 12-12 12h-72c-6.6 0-12-5.4-12-12v-40c0-6.6 5.4-12 12-12h72c6.6 0 12 5.4 12 12zm192 0v40c0 6.6-5.4 12-12 12H236c-6.6 0-12-5.4-12-12v-40c0-6.6 5.4-12 12-12h136c6.6 0 12 5.4 12 12z\"><\/path><\/svg>\t\t\t<\/span>\n\t\t\t\t\t\t\t\t\t<span class=\"elementor-button-text\">D\u00e1 um Prezzu!<\/span>\n\t\t\t\t\t<\/span>\n\t\t\t\t\t<\/a>\n\t\t\t\t\t\t\t\t<\/div>\n\t\t\t\t\t<\/div>\n\t\t<\/div>\n\t\t\t\t\t<\/div>\n\t\t<\/section>\n\t\t\t\t\t<\/div>\n\t\t<\/div>\n\t\t\t\t\t<\/div>\n\t\t<\/section>\n\t\t\t\t<\/div>","protected":false},"excerpt":{"rendered":"<p>Dia das M\u00e3es Kit D\u00e1 um Prezzu! Cl\u00e1ssico D\u00e1 um Prezzu! Anivers\u00e1rio D\u00e1 um Prezzu! Personalizado D\u00e1 um Prezzu! Casamento D\u00e1 um Prezzu! Ch\u00e1 de Bebe D\u00e1 um Prezzu!<\/p>","protected":false},"author":1,"featured_media":0,"parent":0,"menu_order":0,"comment_status":"closed","ping_status":"closed","template":"elementor_canvas","meta":{"_joinchat":[],"footnotes":""},"class_list":["post-4421","page","type-page","status-publish","hentry"],"jetpack_sharing_enabled":true,"_links":{"self":[{"href":"https:\/\/prezzu.com.br\/en\/wp-json\/wp\/v2\/pages\/4421","targetHints":{"allow":["GET"]}}],"collection":[{"href":"https:\/\/prezzu.com.br\/en\/wp-json\/wp\/v2\/pages"}],"about":[{"href":"https:\/\/prezzu.com.br\/en\/wp-json\/wp\/v2\/types\/page"}],"author":[{"embeddable":true,"href":"https:\/\/prezzu.com.br\/en\/wp-json\/wp\/v2\/users\/1"}],"replies":[{"embeddable":true,"href":"https:\/\/prezzu.com.br\/en\/wp-json\/wp\/v2\/comments?post=4421"}],"version-history":[{"count":58,"href":"https:\/\/prezzu.com.br\/en\/wp-json\/wp\/v2\/pages\/4421\/revisions"}],"predecessor-version":[{"id":4781,"href":"https:\/\/prezzu.com.br\/en\/wp-json\/wp\/v2\/pages\/4421\/revisions\/4781"}],"wp:attachment":[{"href":"https:\/\/prezzu.com.br\/en\/wp-json\/wp\/v2\/media?parent=4421"}],"curies":[{"name":"wp","href":"https:\/\/api.w.org\/{rel}","templated":true}]}}