{"id":2371,"date":"2025-12-15T10:21:48","date_gmt":"2025-12-15T10:21:48","guid":{"rendered":"https:\/\/prezzu.com.br\/?post_type=product&#038;p=2371"},"modified":"2026-02-11T20:34:17","modified_gmt":"2026-02-11T20:34:17","slug":"kit-aniversario","status":"publish","type":"product","link":"https:\/\/prezzu.com.br\/en\/product\/kit-aniversario\/","title":{"rendered":"Anivers\u00e1rio"},"content":{"rendered":"","protected":false},"excerpt":{"rendered":"<p><strong>Importante:<\/strong> Para envios a diferentes endere\u00e7os, crie um pedido individual para cada local de entrega.<\/p>","protected":false},"featured_media":2756,"comment_status":"closed","ping_status":"closed","template":"elementor_theme","meta":{"_joinchat":[]},"product_brand":[],"product_cat":[49],"product_tag":[],"class_list":{"0":"post-2371","1":"product","2":"type-product","3":"status-publish","4":"has-post-thumbnail","6":"product_cat-ocasional","7":"wcpa_has_options","9":"first","10":"instock","11":"shipping-taxable","12":"purchasable","13":"product-type-simple"},"jetpack_sharing_enabled":true,"wcpa_form_fields":{"wcpaData":{"product":{"product_price":0,"price_html":"","original_product_price":0,"price_including_tax":0,"price_excluding_tax":0,"product_id":{"parent":2371,"variation":false},"is_variable":false,"stock_status":"instock","stock_quantity":null,"parent_sku":"","product_attributes":[],"custom_fields":[],"is_taxable":false,"product_name":"Anivers\u00e1rio","hasImage":false},"fields":{"sec_369419fb8edfd7":{"extra":{"key":"sec_369419fb8edfd7","section_id":"sec_369419fb8edfd7","name":"Default","status":1,"cl_rule":"show","enableCl":false,"relations":[],"toggle":true,"title_tag":"h3","show_title":false,"showPrice":"default","repeater_section_field_label":"{field_label}","repeater_section_label":"{section_name}","repeater_bind":"","form_id":2432,"form_rules":{"exclude_from_discount":false,"fee_label":"","disp_hide_options_price":false,"disp_show_section_price":false,"disp_show_field_price":true,"layout_option":"standard","pric_use_as_fee":false,"process_fee_as":"woo_fee"},"layout_option":"standard"},"fields":[[{"active":true,"col":6,"relations":false,"cl_rule":"show","enableCl":false,"price":"","enablePrice":true,"className":"","label_position":"default","desc_position":"default","type":"image-group","required":false,"elementId":"image-group_469419fb8edffd","label":"Selecione uma das op\u00e7\u00f5es abaixo:","name":"image-group_469419fb8edffd","enable_popup":"all","multiple":false,"layOut":"col-3","img_selection_type":"outline","disp_type":"square","values":[{"label":"*B\u00e1sico","value":"Option - 5","selected":false,"image":"https:\/\/prezzu.com.br\/wp-content\/uploads\/2025\/12\/Copia-de-Copia-de-Embalagem-102-1040x1040-5.png","thumb":"https:\/\/prezzu.com.br\/wp-content\/uploads\/2025\/12\/Copia-de-Copia-de-Embalagem-102-1040x1040-5-150x150.png","tempId":"aco_951","image_id":2755,"price":"35","thumb_src":"https:\/\/prezzu.com.br\/wp-content\/uploads\/2025\/12\/Copia-de-Copia-de-Embalagem-102-1040x1040-5-100x100.png","gt_translate_keys":["label"]},{"label":"Especial","value":"Option - 1","selected":false,"image":"https:\/\/prezzu.com.br\/wp-content\/uploads\/2025\/12\/Copia-de-Copia-de-Copia-de-Kit-Natal-Capa-720x1040-3.png","thumb":"https:\/\/prezzu.com.br\/wp-content\/uploads\/2025\/12\/Copia-de-Copia-de-Copia-de-Kit-Natal-Capa-720x1040-3-150x150.png","tempId":"aco_312","image_id":2753,"price":"49","thumb_src":"https:\/\/prezzu.com.br\/wp-content\/uploads\/2025\/12\/Copia-de-Copia-de-Copia-de-Kit-Natal-Capa-720x1040-3-100x100.png","gt_translate_keys":["label"]},{"label":"Premium","value":"Option - 2","selected":false,"image":"https:\/\/prezzu.com.br\/wp-content\/uploads\/2025\/12\/Copia-de-Copia-de-Kit-Natal-Capa-720x1040-1.png","thumb":"https:\/\/prezzu.com.br\/wp-content\/uploads\/2025\/12\/Copia-de-Copia-de-Kit-Natal-Capa-720x1040-1-150x150.png","tempId":"aco_313","image_id":2752,"price":"69","thumb_src":"https:\/\/prezzu.com.br\/wp-content\/uploads\/2025\/12\/Copia-de-Copia-de-Kit-Natal-Capa-720x1040-1-100x100.png","gt_translate_keys":["label"]}],"isWeightTemplate":false,"error":false,"isTemplate":false,"img_preview_disable_mobile":true,"disp_size_img":{"width":"80","height":"80"},"min_quantity":"1","quantity_decimal":false,"quantity_step":"1","quantity_label":"Quantity","repeater_field_label":"{field_label}","repeater_bind":"","priceOptions":"different_for_all","pricingType":"multiply","is_show_price":false,"use_as_fee":false,"gt_translate_keys":["label","repeater_field_label","quantity_label"],"price_dependency":false,"cl_dependency":[false,"checkbox_6641652557"],"value":""}]]},"sec_169419fb8edfff":{"extra":{"key":"sec_169419fb8edfff","section_id":"sec_169419fb8edfff","name":"Envelope","status":1,"cl_rule":"show","enableCl":true,"relations":[{"operator":false,"rules":[{"operator":"AND","rules":{"cl_field":"image-group_469419fb8edffd","cl_relation":"is","cl_val":"Option - 5"}}]}],"toggle":true,"title_tag":"h4","show_title":false,"showPrice":"default","repeater_section_field_label":"{field_label}","repeater_section_label":"{section_name}","repeater_bind":"","form_id":2432,"form_rules":{"exclude_from_discount":false,"fee_label":"","disp_hide_options_price":false,"disp_show_section_price":false,"disp_show_field_price":true,"layout_option":"standard","pric_use_as_fee":false,"process_fee_as":"woo_fee"},"layout_option":"standard"},"fields":[[{"active":true,"col":6,"relations":[{"operator":false,"rules":[{"operator":"AND","rules":{"cl_field":"image-group_469419fb8edffd","cl_relation":"is","cl_val":"Option - 5"}}]}],"cl_rule":"show","enableCl":true,"price":"","enablePrice":false,"className":"","label_position":"default","desc_position":"default","type":"checkbox","required":true,"elementId":"checkbox_6641652557","label":"Estou ciente!","name":"checkbox_6641652557","value":true,"check_value":"Yes","isWeightTemplate":false,"error":false,"isTemplate":false,"checkUi":"","min_quantity":"1","quantity_decimal":false,"quantity_step":"1","quantity_label":"Quantity","repeater_field_label":"{field_label}","repeater_bind":"","description":"*O Item B\u00e1sico n\u00e3o inclui sacola de presente!","gt_translate_keys":["label","description","value","repeater_field_label","quantity_label","check_value"],"price_dependency":false,"cl_dependency":false}]]},"sec_969419ce274472":{"extra":{"key":"sec_969419ce274472","section_id":"sec_969419ce274472","name":"Mensagem","status":1,"cl_rule":"show","enableCl":false,"relations":[],"toggle":true,"title_tag":"h3","show_title":false,"showPrice":"default","repeater_section_field_label":"{field_label}","repeater_section_label":"{section_name}","repeater_bind":"","form_id":2429,"form_rules":{"exclude_from_discount":false,"fee_label":"","disp_hide_options_price":false,"disp_show_section_price":false,"disp_show_field_price":true,"layout_option":"standard","pric_use_as_fee":false,"process_fee_as":"woo_fee"},"layout_option":"standard"},"fields":[[{"active":true,"col":6,"relations":[{"operator":false,"rules":[{"operator":"AND","rules":{"cl_field":"select_469419ce274496","cl_relation":"is_not","cl_val":"Sem Ocasi\u00e3o"}}]}],"cl_rule":"show","enableCl":false,"price":"","enablePrice":false,"className":"","label_position":"default","desc_position":"default","type":"image-group","required":true,"elementId":"image-group_1069419ce2744a1","label":"Tipo de Mensagem:","name":"image-group_1069419ce2744a1","enable_popup":"all","multiple":false,"layOut":"col-3","img_selection_type":"outline","disp_type":"square","values":[{"label":"Virtual","value":"Mensagem Virtual","selected":false,"image":"https:\/\/prezzu.com.br\/wp-content\/uploads\/2025\/12\/Mensagem-Virtual-site.png","thumb":"https:\/\/prezzu.com.br\/wp-content\/uploads\/2025\/12\/Mensagem-Virtual-site-150x150.png","tempId":"aco_204","image_id":2143,"options_cl":false,"relations":[],"cl_rule":"show","thumb_src":"https:\/\/prezzu.com.br\/wp-content\/uploads\/2025\/12\/Mensagem-Virtual-site-100x100.png","gt_translate_keys":["label"]},{"label":"Video Personalizado","value":"V\u00eddeo Mensagem","selected":false,"image":"https:\/\/prezzu.com.br\/wp-content\/uploads\/2025\/12\/Video-site.png","thumb":"https:\/\/prezzu.com.br\/wp-content\/uploads\/2025\/12\/Video-site-150x150.png","tempId":"aco_202","image_id":2147,"options_cl":false,"relations":[],"cl_rule":"show","price":"10","thumb_src":"https:\/\/prezzu.com.br\/wp-content\/uploads\/2025\/12\/Video-site-100x100.png","gt_translate_keys":["label"]},{"label":"Impressa Personalizada","value":"Mensagem Impressa","selected":false,"image":"https:\/\/prezzu.com.br\/wp-content\/uploads\/2025\/12\/Mensagem-Impressa-Site.png","thumb":"https:\/\/prezzu.com.br\/wp-content\/uploads\/2025\/12\/Mensagem-Impressa-Site-150x150.png","tempId":"aco_203","image_id":2142,"options_cl":false,"relations":[{"operator":false,"rules":[{"operator":"AND","rules":{"cl_field":"","cl_relation":"","cl_val":""}}]}],"cl_rule":"show","price":"10","thumb_src":"https:\/\/prezzu.com.br\/wp-content\/uploads\/2025\/12\/Mensagem-Impressa-Site-100x100.png","gt_translate_keys":["label"]}],"isWeightTemplate":false,"error":false,"isTemplate":false,"img_preview_disable_mobile":true,"disp_size_img":{"width":"80","height":"80"},"min_quantity":"1","quantity_decimal":false,"quantity_step":"1","quantity_label":"Quantity","repeater_field_label":"{field_label}","repeater_bind":"","description":"","priceOptions":"different_for_all","pricingType":"fixed","use_as_fee":false,"img_preview":true,"gt_translate_keys":["label","description","repeater_field_label","quantity_label"],"price_dependency":false,"cl_dependency":[false,false,false,"select_269419ce2744d1"],"value":""}]]},"sec_069419ce2744ab":{"extra":{"key":"sec_069419ce2744ab","section_id":"sec_069419ce2744ab","name":"Digite Uma Mensagem Curta","status":1,"cl_rule":"show","enableCl":true,"relations":[{"operator":false,"rules":[{"operator":false,"rules":{"cl_field":"image-group_1069419ce2744a1","cl_relation":"is","cl_val":"Mensagem Impressa"}}]}],"toggle":true,"title_tag":"h4","show_title":false,"showPrice":"default","repeater_section_field_label":"{field_label}","repeater_section_label":"{section_name}","repeater_bind":"","form_id":2429,"form_rules":{"exclude_from_discount":false,"fee_label":"","disp_hide_options_price":false,"disp_show_section_price":false,"disp_show_field_price":true,"layout_option":"standard","pric_use_as_fee":false,"process_fee_as":"woo_fee"},"layout_option":"standard"},"fields":[[{"active":true,"col":6,"relations":[{"operator":"and","rules":[{"operator":"AND","rules":{"cl_field":"image-group_1069419ce2744a1","cl_relation":"is","cl_val":"Mensagem Impressa"}}]}],"cl_rule":"show","enableCl":false,"price":"","enablePrice":false,"className":"","label_position":"default","desc_position":"default","type":"text","subtype":"text","required":false,"elementId":"text_569419ce2744b2","label":"Mensagem","name":"text_569419ce2744b2","value":"","caseType":"default","error":false,"isWeightTemplate":false,"isTemplate":false,"min_quantity":"1","quantity_decimal":false,"quantity_step":"1","quantity_label":"Quantity","repeater_field_label":"{field_label}","repeater_bind":"","placeholder":"Digite uma mensagem","hideFieldIn_cart":true,"maxlength":"100","gt_translate_keys":["label","placeholder","value","repeater_field_label","quantity_label"],"price_dependency":false,"cl_dependency":false}]]},"sec_269419ce2744b3":{"extra":{"key":"sec_269419ce2744b3","section_id":"sec_269419ce2744b3","name":"Grave ou baixe um V\u00edde Curto","status":1,"cl_rule":"show","enableCl":true,"relations":[{"operator":false,"rules":[{"operator":"AND","rules":{"cl_field":"image-group_1069419ce2744a1","cl_relation":"is","cl_val":"V\u00eddeo Mensagem"}}]}],"toggle":true,"title_tag":"h4","show_title":false,"showPrice":"default","repeater_section_field_label":"{field_label}","repeater_section_label":"{section_name}","repeater_bind":"","form_id":2429,"form_rules":{"exclude_from_discount":false,"fee_label":"","disp_hide_options_price":false,"disp_show_section_price":false,"disp_show_field_price":true,"layout_option":"standard","pric_use_as_fee":false,"process_fee_as":"woo_fee"},"layout_option":"standard"},"fields":[[{"active":true,"col":6,"relations":[{"operator":false,"rules":[{"operator":"AND","rules":{"cl_field":"image-group_1069419ce2744a1","cl_relation":"is","cl_val":"V\u00eddeo Mensagem"}}]}],"cl_rule":"show","enableCl":false,"price":"","enablePrice":false,"className":"","label_position":"default","desc_position":"default","type":"file","required":false,"elementId":"file_269419ce2744b8","name":"file_269419ce2744b8","label":"Video","upload_type":"ajax","uploadSize":"3000","file_types":["videos"],"error":false,"isWeightTemplate":false,"isTemplate":false,"min_quantity":"1","quantity_decimal":false,"quantity_step":"1","quantity_label":"Quantity","repeater_field_label":"{field_label}","repeater_bind":"","hideFieldIn_cart":true,"hideFieldIn_order":true,"allowedFileTypes":"video\/*","gt_translate_keys":["label","repeater_field_label","quantity_label"],"price_dependency":false,"cl_dependency":false,"value":""}]]},"sec_569419ce2744c5":{"extra":{"key":"sec_569419ce2744c5","section_id":"sec_569419ce2744c5","name":"Anivers\u00e1rio Virtual  ","status":1,"cl_rule":"show","enableCl":true,"relations":[{"operator":"and","rules":[{"operator":false,"rules":{"cl_field":"image-group_1069419ce2744a1","cl_relation":"is","cl_val":"Mensagem Virtual"}}]},{"operator":false,"rules":[{"operator":"AND","rules":{"cl_field":"","cl_relation":"","cl_val":""}}]}],"toggle":true,"title_tag":"h4","show_title":false,"showPrice":"default","repeater_section_field_label":"{field_label}","repeater_section_label":"{section_name}","repeater_bind":"","form_id":2429,"form_rules":{"exclude_from_discount":false,"fee_label":"","disp_hide_options_price":false,"disp_show_section_price":false,"disp_show_field_price":true,"layout_option":"standard","pric_use_as_fee":false,"process_fee_as":"woo_fee"},"layout_option":"standard"},"fields":[[{"contentType":"rich","active":true,"label":"Visualizar a mensagen:","elementId":"content_169419ce2744cb","value":"<p><a href=\"https:\/\/view.genially.com\/68598670343907d5b9022570\" target=\"_blank\">Anivers\u00e1rio<\/a><\/p>","inline":false,"show_in_checkout":false,"name":"content_169419ce2744cb","enablePrice":false,"className":"","subtype":"div","enableCl":false,"relations":false,"isTemplate":false,"price":"","cl_rule":"show","col":6,"type":"content","error":false,"gt_translate_keys":["label","value"],"price_dependency":false,"cl_dependency":false}],[{"active":true,"col":6,"relations":[{"operator":false,"rules":[{"operator":"AND","rules":{"cl_field":"image-group_1069419ce2744a1","cl_relation":"is","cl_val":"Mensagem Virtual"}}]}],"cl_rule":"show","enableCl":true,"price":"","enablePrice":false,"className":"","label_position":"default","desc_position":"default","type":"select","required":false,"elementId":"select_269419ce2744d1","label":".","name":"select_269419ce2744d1","values":[{"label":"Anivers\u00e1rio ","value":"Anivers\u00e1rio virtual - 2","selected":false,"tempId":"aco_7981","gt_translate_keys":["label"]}],"isWeightTemplate":false,"error":false,"isTemplate":false,"min_quantity":"1","quantity_decimal":false,"quantity_step":"1","quantity_label":"Quantity","repeater_field_label":"{field_label}","repeater_bind":"","dropdown_type":"basic","placeholder":"Selecione a mensagem","gt_translate_keys":["label","placeholder","repeater_field_label","quantity_label"],"price_dependency":false,"cl_dependency":false,"value":""}]]},"sec_568becd8c41832":{"extra":{"key":"sec_568becd8c41832","section_id":"sec_568becd8c41832","name":"Dados Para Cart\u00e3o Presente","status":1,"cl_rule":"show","enableCl":true,"relations":[],"toggle":true,"title_tag":"h3","show_title":false,"showPrice":"default","repeater_section_field_label":"{field_label}","repeater_section_label":"{section_name}","repeater_bind":"","form_id":677,"form_rules":{"exclude_from_discount":false,"fee_label":"","disp_hide_options_price":false,"disp_show_section_price":false,"disp_show_field_price":true,"layout_option":"standard","pric_use_as_fee":true,"process_fee_as":"woo_fee"},"layout_option":"standard"},"fields":[[{"active":true,"col":6,"relations":false,"cl_rule":"show","enableCl":false,"price":"","enablePrice":false,"className":"","label_position":"default","desc_position":"default","type":"number","required":true,"elementId":"number_6179887489","label":"Credito para o cart\u00e3o presente","name":"number_6179887489","value":"","isWeightTemplate":false,"error":false,"isTemplate":false,"min_quantity":"1","quantity_decimal":false,"quantity_step":"1","quantity_label":"Quantity","repeater_field_label":"{field_label}","repeater_bind":"","description":"Digite o valor que ser\u00e1 creditado no cart\u00e3o presente.","placeholder":"0,00","min":"50","gt_translate_keys":["label","placeholder","description","value","repeater_field_label","quantity_label"],"price_dependency":false,"cl_dependency":["text_5170985183","number_5237739720",false,"text_6998600909","content_3048257821"]}],[{"active":true,"col":6,"relations":[{"operator":false,"rules":[{"operator":"AND","rules":{"cl_field":"number_6179887489","cl_relation":"is_not_empty","cl_val":""}}]}],"cl_rule":"show","enableCl":true,"price":"","enablePrice":false,"className":"","label_position":"default","desc_position":"default","type":"text","subtype":"text","required":true,"elementId":"text_5170985183","label":"Digite abaixo o nome completo, CPF, da pessoa que est\u00e1 sendo presenteada. Esses dados s\u00f3 ser\u00e3o utilizados para libera\u00e7\u00e3o do cart\u00e3o presente. ","name":"text_5170985183","value":"","caseType":"uppercase","isWeightTemplate":false,"error":false,"isTemplate":false,"min_quantity":"1","quantity_decimal":false,"quantity_step":"1","quantity_label":"Quantity","repeater_field_label":"{field_label}","repeater_bind":"","placeholder":"Nome completo","tooltip":"","description":"","hideFieldIn_cart":true,"hideFieldIn_order":true,"pattern":"","minlength":"5","patternError":"","minlengthError":"Digite o Nome e Sobrenome","gt_translate_keys":["label","placeholder","description","value","tooltip","repeater_field_label","quantity_label","patternError","minlengthError"],"price_dependency":false,"cl_dependency":false}],[{"active":true,"col":6,"relations":[{"operator":false,"rules":[{"operator":"AND","rules":{"cl_field":"number_6179887489","cl_relation":"is_not_empty","cl_val":""}}]}],"cl_rule":"show","enableCl":true,"price":"","enablePrice":false,"className":"","label_position":"default","desc_position":"default","type":"number","required":true,"elementId":"number_5237739720","label":"CPF","name":"number_5237739720","value":"","isWeightTemplate":false,"error":false,"isTemplate":false,"min_quantity":"1","quantity_decimal":false,"quantity_step":"1","quantity_label":"Quantity","repeater_field_label":"{field_label}","repeater_bind":"","placeholder":"CPF somente n\u00fameros","tooltip":"","description":"","hideFieldIn_cart":true,"pattern":"[0-9]{11}","min":"","max":"","patternError":"Digite um CPF V\u00e1lido.","step":"","hideFieldIn_order":true,"requiredError":"Campo Obrigat\u00f3rio.","validNumberError":"","gt_translate_keys":["label","placeholder","description","value","tooltip","repeater_field_label","quantity_label","requiredError","patternError"],"price_dependency":false,"cl_dependency":false}]]},"sec_h1vh1x1q1x6":{"extra":{"key":"sec_h1vh1x1q1x6","section_id":"sec_h1vh1x1q1x6","name":"Chave PIX:","status":1,"cl_rule":"show","enableCl":true,"relations":[{"operator":false,"rules":[{"operator":"AND","rules":{"cl_field":"number_6179887489","cl_relation":"is_not_empty","cl_val":""}}]}],"toggle":true,"title_tag":"h4","show_title":false,"showPrice":"default","repeater_section_field_label":"{field_label}","repeater_section_label":"{section_name}","repeater_bind":"","form_id":677,"form_rules":{"exclude_from_discount":false,"fee_label":"","disp_hide_options_price":false,"disp_show_section_price":false,"disp_show_field_price":true,"layout_option":"standard","pric_use_as_fee":true,"process_fee_as":"woo_fee"},"layout_option":"standard"},"fields":[[{"active":true,"col":6,"relations":[{"operator":false,"rules":[{"operator":"AND","rules":{"cl_field":"number_6179887489","cl_relation":"is_not_empty","cl_val":""}}]}],"cl_rule":"show","enableCl":true,"price":"","enablePrice":false,"className":"","label_position":"default","desc_position":"default","type":"text","subtype":"text","required":false,"elementId":"text_6998600909","label":"Para carregar o cr\u00e9dito no cart\u00e3o presente, copie a chave Pix abaixo ou escaneie o QR Code no app do seu banco.","name":"text_6998600909","value":"eea91e2d-b95e-4ed4-ad00-b4c29cf049a9","caseType":"default","isWeightTemplate":false,"error":false,"isTemplate":false,"min_quantity":"1","quantity_decimal":false,"quantity_step":"1","quantity_label":"Quantity","repeater_field_label":"{field_label}","repeater_bind":"","description":"(O carregamento do cart\u00e3o presente \u00e9 realizado exclusivamente via Pix.)","tooltip":"","placeholder":"","hideFieldIn_cart":true,"hideFieldIn_order":true,"gt_translate_keys":["label","placeholder","description","value","tooltip","repeater_field_label","quantity_label"],"price_dependency":false,"cl_dependency":false}],[{"active":true,"col":6,"relations":false,"cl_rule":"show","enableCl":false,"price":"","enablePrice":false,"className":"","label_position":"default","desc_position":"default","type":"image-group","required":false,"elementId":"image_7849656059","label":"QR Code","name":"image_7849656059","enable_popup":"all","multiple":true,"layOut":"","img_selection_type":"outline","disp_type":"square","values":[{"label":"","value":"Option - 1","selected":false,"image":"https:\/\/prezzu.com.br\/wp-content\/uploads\/2026\/01\/QR-Code-Mercado-Pago.png","thumb":"https:\/\/prezzu.com.br\/wp-content\/uploads\/2026\/01\/QR-Code-Mercado-Pago-150x150.png","tempId":"aco_222","image_id":3149,"thumb_src":"https:\/\/prezzu.com.br\/wp-content\/uploads\/2026\/01\/QR-Code-Mercado-Pago-300x300.png","gt_translate_keys":["label"]}],"isWeightTemplate":false,"error":false,"isTemplate":false,"img_preview_disable_mobile":true,"disp_size_img":{"width":"200","height":"200"},"min_quantity":"1","quantity_decimal":false,"quantity_step":"1","quantity_label":"Quantity","repeater_field_label":"{field_label}","repeater_bind":"","hideFieldIn_cart":true,"hideFieldIn_order":true,"gt_translate_keys":["label","repeater_field_label","quantity_label"],"price_dependency":false,"cl_dependency":false,"value":""}],[{"active":true,"col":6,"relations":[{"operator":false,"rules":[{"operator":"AND","rules":{"cl_field":"number_6179887489","cl_relation":"is_not_empty","cl_val":""}}]}],"cl_rule":"show","enableCl":true,"price":"","enablePrice":false,"className":"","label_position":"default","desc_position":"default","type":"content","required":false,"elementId":"content_3048257821","label":"Quase l\u00e1! Agora finalize sua compra para liberar seu pedido.","name":"content_3048257821","contentType":"plain","value":"","isTemplate":false,"error":false,"gt_translate_keys":["label","value"],"price_dependency":false,"cl_dependency":false}]]}},"config":{"price_override":"","enable_recaptcha":false,"bind_quantity":false,"quantity_bind_formula":false,"disp_summ_show_option_price":true,"disp_summ_show_product_price":false,"disp_summ_show_total_price":true,"disp_summ_show_fee":false,"disp_summ_show_discount":false,"summary_title":"","options_total_label":"Embalagem","total_label":"Total","options_product_label":"Cart\u00e3o","fee_label":"","discount_label":"Discount","has_price":true,"has_quantity_formula":false},"mc_unit":1,"tax_rate":1,"tax_rate_real":1,"discount":{"percentage":0,"fixed":0},"design":{"conf":{"LabelPosition":"above","DescPosition":"above","UploadField":"custom_1","QuantityFieldStyle":"default"},"css":{"LeftLabelWidth":"120px"}},"formulas":[],"lookuptables":[],"clones":false,"cartKey":false}},"_links":{"self":[{"href":"https:\/\/prezzu.com.br\/en\/wp-json\/wp\/v2\/product\/2371","targetHints":{"allow":["GET"]}}],"collection":[{"href":"https:\/\/prezzu.com.br\/en\/wp-json\/wp\/v2\/product"}],"about":[{"href":"https:\/\/prezzu.com.br\/en\/wp-json\/wp\/v2\/types\/product"}],"replies":[{"embeddable":true,"href":"https:\/\/prezzu.com.br\/en\/wp-json\/wp\/v2\/comments?post=2371"}],"version-history":[{"count":15,"href":"https:\/\/prezzu.com.br\/en\/wp-json\/wp\/v2\/product\/2371\/revisions"}],"predecessor-version":[{"id":2690,"href":"https:\/\/prezzu.com.br\/en\/wp-json\/wp\/v2\/product\/2371\/revisions\/2690"}],"wp:featuredmedia":[{"embeddable":true,"href":"https:\/\/prezzu.com.br\/en\/wp-json\/wp\/v2\/media\/2756"}],"wp:attachment":[{"href":"https:\/\/prezzu.com.br\/en\/wp-json\/wp\/v2\/media?parent=2371"}],"wp:term":[{"taxonomy":"product_brand","embeddable":true,"href":"https:\/\/prezzu.com.br\/en\/wp-json\/wp\/v2\/product_brand?post=2371"},{"taxonomy":"product_cat","embeddable":true,"href":"https:\/\/prezzu.com.br\/en\/wp-json\/wp\/v2\/product_cat?post=2371"},{"taxonomy":"product_tag","embeddable":true,"href":"https:\/\/prezzu.com.br\/en\/wp-json\/wp\/v2\/product_tag?post=2371"}],"curies":[{"name":"wp","href":"https:\/\/api.w.org\/{rel}","templated":true}]}}